{"id":666,"date":"2023-03-12T16:15:14","date_gmt":"2023-03-12T15:15:14","guid":{"rendered":"https:\/\/jc.schlarpe.de\/?page_id=666"},"modified":"2023-07-04T11:53:13","modified_gmt":"2023-07-04T09:53:13","slug":"50-jahre-jcs","status":"publish","type":"page","link":"https:\/\/jc.schlarpe.de\/?page_id=666","title":{"rendered":"Throwback | 50 Jahre JCS Jubil\u00e4um 2023"},"content":{"rendered":"\n<p class=\"has-white-background-color has-background\">Man, war das &#8217;ne Sause! <br><br>Vom 30.6. bis 2.7. feierte der JCS 50-j\u00e4hriges Bestehen. Wir starteten am Freitag mit einem Discoabend inkl. Bierb\u00f6rse &#8211; am Sonntag ein kleines Dorffest im Garten der Dorgemeinschaftsanlage mit Musik, Essen und Trinken.<br><br>Danke an den Festausschuss, M\u00fctter und Freundinnen f\u00fcr den Kuchen am Sonntag, den Vorstand und alle anderen, die in welcher Weise auch immer unterst\u00fctzt und geholfen haben!<br><br>Und auch ein ganz besonderer Dank an alle G\u00e4ste, die am Freitag bei der Bierb\u00f6rse bzw am Sonntag beim Dorffest waren!<br><br>Wir haben uns sehr gefreut! Auf die n\u00e4chsten 50 Jahre!<\/p>\n\n\n\n<figure class=\"wp-block-image size-large\"><img loading=\"lazy\" width=\"724\" height=\"1024\" src=\"https:\/\/jc.schlarpe.de\/wp-content\/uploads\/2023\/07\/Final_Bierboerse-min-724x1024.png\" alt=\"\" class=\"wp-image-727\" srcset=\"https:\/\/jc.schlarpe.de\/wp-content\/uploads\/2023\/07\/Final_Bierboerse-min-724x1024.png 724w, https:\/\/jc.schlarpe.de\/wp-content\/uploads\/2023\/07\/Final_Bierboerse-min-212x300.png 212w, https:\/\/jc.schlarpe.de\/wp-content\/uploads\/2023\/07\/Final_Bierboerse-min-768x1086.png 768w, https:\/\/jc.schlarpe.de\/wp-content\/uploads\/2023\/07\/Final_Bierboerse-min-1086x1536.png 1086w, https:\/\/jc.schlarpe.de\/wp-content\/uploads\/2023\/07\/Final_Bierboerse-min-1448x2048.png 1448w, https:\/\/jc.schlarpe.de\/wp-content\/uploads\/2023\/07\/Final_Bierboerse-min-830x1174.png 830w, https:\/\/jc.schlarpe.de\/wp-content\/uploads\/2023\/07\/Final_Bierboerse-min-230x325.png 230w, https:\/\/jc.schlarpe.de\/wp-content\/uploads\/2023\/07\/Final_Bierboerse-min-350x495.png 350w, https:\/\/jc.schlarpe.de\/wp-content\/uploads\/2023\/07\/Final_Bierboerse-min-480x679.png 480w, https:\/\/jc.schlarpe.de\/wp-content\/uploads\/2023\/07\/Final_Bierboerse-min.png 1587w\" sizes=\"(max-width: 724px) 100vw, 724px\" \/><\/figure>\n\n\n\n<figure class=\"wp-block-video\"><video autoplay controls poster=\"https:\/\/jc.schlarpe.de\/wp-content\/uploads\/2023\/03\/Instagram-50-Jahre-JCS-e1678632761566.png\" src=\"https:\/\/jc.schlarpe.de\/wp-content\/uploads\/2023\/03\/50-Jahre-Jcs-PLAKAT.mp4\"><\/video><\/figure>\n\n\n\n<figure class=\"wp-block-gallery columns-3 is-cropped\"><ul class=\"blocks-gallery-grid\"><li class=\"blocks-gallery-item\"><figure><img loading=\"lazy\" width=\"1024\" height=\"768\" src=\"https:\/\/jc.schlarpe.de\/wp-content\/uploads\/2023\/07\/PHOTO-2023-06-30-23-52-26.jpg\" alt=\"\" data-id=\"725\" data-full-url=\"https:\/\/jc.schlarpe.de\/wp-content\/uploads\/2023\/07\/PHOTO-2023-06-30-23-52-26.jpg\" data-link=\"https:\/\/jc.schlarpe.de\/?attachment_id=725\" class=\"wp-image-725\" srcset=\"https:\/\/jc.schlarpe.de\/wp-content\/uploads\/2023\/07\/PHOTO-2023-06-30-23-52-26.jpg 1024w, https:\/\/jc.schlarpe.de\/wp-content\/uploads\/2023\/07\/PHOTO-2023-06-30-23-52-26-300x225.jpg 300w, https:\/\/jc.schlarpe.de\/wp-content\/uploads\/2023\/07\/PHOTO-2023-06-30-23-52-26-768x576.jpg 768w, https:\/\/jc.schlarpe.de\/wp-content\/uploads\/2023\/07\/PHOTO-2023-06-30-23-52-26-830x623.jpg 830w, https:\/\/jc.schlarpe.de\/wp-content\/uploads\/2023\/07\/PHOTO-2023-06-30-23-52-26-230x173.jpg 230w, https:\/\/jc.schlarpe.de\/wp-content\/uploads\/2023\/07\/PHOTO-2023-06-30-23-52-26-350x263.jpg 350w, https:\/\/jc.schlarpe.de\/wp-content\/uploads\/2023\/07\/PHOTO-2023-06-30-23-52-26-480x360.jpg 480w\" sizes=\"(max-width: 1024px) 100vw, 1024px\" \/><figcaption class=\"blocks-gallery-item__caption\">Discoabend mit Bierb\u00f6rse<\/figcaption><\/figure><\/li><li class=\"blocks-gallery-item\"><figure><img loading=\"lazy\" width=\"1024\" height=\"769\" src=\"https:\/\/jc.schlarpe.de\/wp-content\/uploads\/2023\/07\/20230702_125836000_iOS-2-1024x769.jpg\" alt=\"\" data-id=\"723\" data-full-url=\"https:\/\/jc.schlarpe.de\/wp-content\/uploads\/2023\/07\/20230702_125836000_iOS-2.jpg\" data-link=\"https:\/\/jc.schlarpe.de\/?attachment_id=723\" class=\"wp-image-723\" srcset=\"https:\/\/jc.schlarpe.de\/wp-content\/uploads\/2023\/07\/20230702_125836000_iOS-2-1024x769.jpg 1024w, https:\/\/jc.schlarpe.de\/wp-content\/uploads\/2023\/07\/20230702_125836000_iOS-2-300x225.jpg 300w, https:\/\/jc.schlarpe.de\/wp-content\/uploads\/2023\/07\/20230702_125836000_iOS-2-768x576.jpg 768w, https:\/\/jc.schlarpe.de\/wp-content\/uploads\/2023\/07\/20230702_125836000_iOS-2-1536x1153.jpg 1536w, https:\/\/jc.schlarpe.de\/wp-content\/uploads\/2023\/07\/20230702_125836000_iOS-2-830x623.jpg 830w, https:\/\/jc.schlarpe.de\/wp-content\/uploads\/2023\/07\/20230702_125836000_iOS-2-230x173.jpg 230w, https:\/\/jc.schlarpe.de\/wp-content\/uploads\/2023\/07\/20230702_125836000_iOS-2-350x263.jpg 350w, https:\/\/jc.schlarpe.de\/wp-content\/uploads\/2023\/07\/20230702_125836000_iOS-2-480x360.jpg 480w, https:\/\/jc.schlarpe.de\/wp-content\/uploads\/2023\/07\/20230702_125836000_iOS-2.jpg 2048w\" sizes=\"(max-width: 1024px) 100vw, 1024px\" \/><figcaption class=\"blocks-gallery-item__caption\">Junggesellenclub 2023<\/figcaption><\/figure><\/li><li class=\"blocks-gallery-item\"><figure><img loading=\"lazy\" width=\"1024\" height=\"769\" src=\"https:\/\/jc.schlarpe.de\/wp-content\/uploads\/2023\/07\/PHOTO-2023-07-02-15-00-43-1024x769.jpg\" alt=\"\" data-id=\"720\" data-full-url=\"https:\/\/jc.schlarpe.de\/wp-content\/uploads\/2023\/07\/PHOTO-2023-07-02-15-00-43.jpg\" data-link=\"https:\/\/jc.schlarpe.de\/?attachment_id=720\" class=\"wp-image-720\" srcset=\"https:\/\/jc.schlarpe.de\/wp-content\/uploads\/2023\/07\/PHOTO-2023-07-02-15-00-43-1024x769.jpg 1024w, https:\/\/jc.schlarpe.de\/wp-content\/uploads\/2023\/07\/PHOTO-2023-07-02-15-00-43-300x225.jpg 300w, https:\/\/jc.schlarpe.de\/wp-content\/uploads\/2023\/07\/PHOTO-2023-07-02-15-00-43-768x576.jpg 768w, https:\/\/jc.schlarpe.de\/wp-content\/uploads\/2023\/07\/PHOTO-2023-07-02-15-00-43-1536x1153.jpg 1536w, https:\/\/jc.schlarpe.de\/wp-content\/uploads\/2023\/07\/PHOTO-2023-07-02-15-00-43-830x623.jpg 830w, https:\/\/jc.schlarpe.de\/wp-content\/uploads\/2023\/07\/PHOTO-2023-07-02-15-00-43-230x173.jpg 230w, https:\/\/jc.schlarpe.de\/wp-content\/uploads\/2023\/07\/PHOTO-2023-07-02-15-00-43-350x263.jpg 350w, https:\/\/jc.schlarpe.de\/wp-content\/uploads\/2023\/07\/PHOTO-2023-07-02-15-00-43-480x360.jpg 480w, https:\/\/jc.schlarpe.de\/wp-content\/uploads\/2023\/07\/PHOTO-2023-07-02-15-00-43.jpg 2048w\" sizes=\"(max-width: 1024px) 100vw, 1024px\" \/><figcaption class=\"blocks-gallery-item__caption\">Dorffest 2023 mit den Bramwald-Musikanten<\/figcaption><\/figure><\/li><li class=\"blocks-gallery-item\"><figure><img loading=\"lazy\" width=\"1024\" height=\"769\" src=\"https:\/\/jc.schlarpe.de\/wp-content\/uploads\/2023\/07\/20230702_165423000_iOS-1024x769.jpg\" alt=\"\" data-id=\"724\" data-full-url=\"https:\/\/jc.schlarpe.de\/wp-content\/uploads\/2023\/07\/20230702_165423000_iOS.jpg\" data-link=\"https:\/\/jc.schlarpe.de\/?attachment_id=724\" class=\"wp-image-724\" srcset=\"https:\/\/jc.schlarpe.de\/wp-content\/uploads\/2023\/07\/20230702_165423000_iOS-1024x769.jpg 1024w, https:\/\/jc.schlarpe.de\/wp-content\/uploads\/2023\/07\/20230702_165423000_iOS-300x225.jpg 300w, https:\/\/jc.schlarpe.de\/wp-content\/uploads\/2023\/07\/20230702_165423000_iOS-768x576.jpg 768w, https:\/\/jc.schlarpe.de\/wp-content\/uploads\/2023\/07\/20230702_165423000_iOS-1536x1153.jpg 1536w, https:\/\/jc.schlarpe.de\/wp-content\/uploads\/2023\/07\/20230702_165423000_iOS-830x623.jpg 830w, https:\/\/jc.schlarpe.de\/wp-content\/uploads\/2023\/07\/20230702_165423000_iOS-230x173.jpg 230w, https:\/\/jc.schlarpe.de\/wp-content\/uploads\/2023\/07\/20230702_165423000_iOS-350x263.jpg 350w, https:\/\/jc.schlarpe.de\/wp-content\/uploads\/2023\/07\/20230702_165423000_iOS-480x360.jpg 480w, https:\/\/jc.schlarpe.de\/wp-content\/uploads\/2023\/07\/20230702_165423000_iOS.jpg 2048w\" sizes=\"(max-width: 1024px) 100vw, 1024px\" \/><figcaption class=\"blocks-gallery-item__caption\">als die Arbeit vorbei war&#8230;<\/figcaption><\/figure><\/li><li class=\"blocks-gallery-item\"><figure><img loading=\"lazy\" width=\"1024\" height=\"769\" src=\"https:\/\/jc.schlarpe.de\/wp-content\/uploads\/2023\/07\/PHOTO-2023-07-03-00-10-53-1024x769.jpg\" alt=\"\" data-id=\"722\" data-full-url=\"https:\/\/jc.schlarpe.de\/wp-content\/uploads\/2023\/07\/PHOTO-2023-07-03-00-10-53.jpg\" data-link=\"https:\/\/jc.schlarpe.de\/?attachment_id=722\" class=\"wp-image-722\" srcset=\"https:\/\/jc.schlarpe.de\/wp-content\/uploads\/2023\/07\/PHOTO-2023-07-03-00-10-53-1024x769.jpg 1024w, https:\/\/jc.schlarpe.de\/wp-content\/uploads\/2023\/07\/PHOTO-2023-07-03-00-10-53-300x225.jpg 300w, https:\/\/jc.schlarpe.de\/wp-content\/uploads\/2023\/07\/PHOTO-2023-07-03-00-10-53-768x576.jpg 768w, https:\/\/jc.schlarpe.de\/wp-content\/uploads\/2023\/07\/PHOTO-2023-07-03-00-10-53-1536x1153.jpg 1536w, https:\/\/jc.schlarpe.de\/wp-content\/uploads\/2023\/07\/PHOTO-2023-07-03-00-10-53-830x623.jpg 830w, https:\/\/jc.schlarpe.de\/wp-content\/uploads\/2023\/07\/PHOTO-2023-07-03-00-10-53-230x173.jpg 230w, https:\/\/jc.schlarpe.de\/wp-content\/uploads\/2023\/07\/PHOTO-2023-07-03-00-10-53-350x263.jpg 350w, https:\/\/jc.schlarpe.de\/wp-content\/uploads\/2023\/07\/PHOTO-2023-07-03-00-10-53-480x360.jpg 480w, https:\/\/jc.schlarpe.de\/wp-content\/uploads\/2023\/07\/PHOTO-2023-07-03-00-10-53.jpg 2048w\" sizes=\"(max-width: 1024px) 100vw, 1024px\" \/><figcaption class=\"blocks-gallery-item__caption\">ein hartes, aber geiles Wochenende geht zuende<\/figcaption><\/figure><\/li><\/ul><\/figure>\n","protected":false},"excerpt":{"rendered":"<p>Man, war das &#8217;ne Sause! Vom 30.6. bis 2.7. feierte der JCS 50-j\u00e4hriges Bestehen. Wir starteten am Freitag mit einem Discoabend inkl. Bierb\u00f6rse &#8211; am Sonntag ein kleines Dorffest im Garten der Dorgemeinschaftsanlage mit Musik, Essen und Trinken. Danke an den Festausschuss, M\u00fctter und Freundinnen f\u00fcr den Kuchen am Sonntag, den Vorstand und alle anderen, [&hellip;]<\/p>\n","protected":false},"author":3,"featured_media":0,"parent":0,"menu_order":0,"comment_status":"closed","ping_status":"closed","template":"","meta":[],"_links":{"self":[{"href":"https:\/\/jc.schlarpe.de\/index.php?rest_route=\/wp\/v2\/pages\/666"}],"collection":[{"href":"https:\/\/jc.schlarpe.de\/index.php?rest_route=\/wp\/v2\/pages"}],"about":[{"href":"https:\/\/jc.schlarpe.de\/index.php?rest_route=\/wp\/v2\/types\/page"}],"author":[{"embeddable":true,"href":"https:\/\/jc.schlarpe.de\/index.php?rest_route=\/wp\/v2\/users\/3"}],"replies":[{"embeddable":true,"href":"https:\/\/jc.schlarpe.de\/index.php?rest_route=%2Fwp%2Fv2%2Fcomments&post=666"}],"version-history":[{"count":14,"href":"https:\/\/jc.schlarpe.de\/index.php?rest_route=\/wp\/v2\/pages\/666\/revisions"}],"predecessor-version":[{"id":735,"href":"https:\/\/jc.schlarpe.de\/index.php?rest_route=\/wp\/v2\/pages\/666\/revisions\/735"}],"wp:attachment":[{"href":"https:\/\/jc.schlarpe.de\/index.php?rest_route=%2Fwp%2Fv2%2Fmedia&parent=666"}],"curies":[{"name":"wp","href":"https:\/\/api.w.org\/{rel}","templated":true}]}}