{"id":373,"date":"2020-04-05T12:01:54","date_gmt":"2020-04-05T10:01:54","guid":{"rendered":"https:\/\/jc.schlarpe.de\/?page_id=373"},"modified":"2020-04-08T10:38:55","modified_gmt":"2020-04-08T08:38:55","slug":"schoen-ist-die-jugend","status":"publish","type":"page","link":"https:\/\/jc.schlarpe.de\/?page_id=373","title":{"rendered":"Sch\u00f6n ist die Jugend"},"content":{"rendered":"\t\t<div data-elementor-type=\"wp-page\" data-elementor-id=\"373\" class=\"elementor elementor-373\" data-elementor-settings=\"[]\">\n\t\t\t\t\t\t<div class=\"elementor-inner\">\n\t\t\t\t\t\t\t<div class=\"elementor-section-wrap\">\n\t\t\t\t\t\t\t<section class=\"elementor-section elementor-top-section elementor-element elementor-element-ca07782 elementor-section-boxed elementor-section-height-default elementor-section-height-default\" data-id=\"ca07782\" data-element_type=\"section\" data-settings=\"{&quot;background_background&quot;:&quot;classic&quot;}\">\n\t\t\t\t\t\t<div class=\"elementor-container elementor-column-gap-default\">\n\t\t\t\t\t\t\t<div class=\"elementor-row\">\n\t\t\t\t\t<div class=\"elementor-column elementor-col-100 elementor-top-column elementor-element elementor-element-a41340a\" data-id=\"a41340a\" data-element_type=\"column\">\n\t\t\t<div class=\"elementor-column-wrap elementor-element-populated\">\n\t\t\t\t\t\t\t<div class=\"elementor-widget-wrap\">\n\t\t\t\t\t\t<div class=\"elementor-element elementor-element-097b077 elementor-widget elementor-widget-heading\" data-id=\"097b077\" data-element_type=\"widget\" data-widget_type=\"heading.default\">\n\t\t\t\t<div class=\"elementor-widget-container\">\n\t\t\t<h2 class=\"elementor-heading-title elementor-size-default\">Sch\u00f6n ist die Jugend<\/h2>\t\t<\/div>\n\t\t\t\t<\/div>\n\t\t\t\t<div class=\"elementor-element elementor-element-8fe03fc elementor-widget elementor-widget-text-editor\" data-id=\"8fe03fc\" data-element_type=\"widget\" data-widget_type=\"text-editor.default\">\n\t\t\t\t<div class=\"elementor-widget-container\">\n\t\t\t\t\t<div class=\"elementor-text-editor elementor-clearfix\"><p>\u00a0<\/p><p>1) Sch\u00f6n ist die Jugend bei frohen Zeiten<\/p><p>\u00a0 \u00a0 sch\u00f6n ist die Jugend, sie kommt nicht mehr<\/p><p>\u00a0 \u00a0 sie kommt, sie kommt nicht mehr<\/p><p>\u00a0 \u00a0 kehrt niemals wieder her<\/p><p>\u00a0 \u00a0 sch\u00f6n ist die Jugend, sie kommt nicht mehr!<\/p><p>\u00a0<\/p><p>2) Ich liebt\u2018 ein Madel von 18 Jahren<\/p><p>\u00a0 \u00a0 ich liebt\u2018 ein Madel zum Zeitvertreib<\/p><p>\u00a0 \u00a0 drum sag ich\u2019s noch einmal:<\/p><p>\u00a0 \u00a0 Sch\u00f6n ist die Jugendzeit<\/p><p>\u00a0 \u00a0 Sch\u00f6n ist die Jugend<\/p><p>\u00a0 \u00a0 Sie kommt nicht mehr!<\/p><p>\u00a0 \u00a0 Sie kommt, sie kommt nicht mehr<\/p><p>\u00a0 \u00a0 kehrt niemals wieder her<\/p><p>\u00a0 \u00a0 sch\u00f6n ist die Jugend sie kommt nicht mehr! (Lied aus)<\/p><\/div>\n\t\t\t\t<\/div>\n\t\t\t\t<\/div>\n\t\t\t\t\t\t<\/div>\n\t\t\t\t\t<\/div>\n\t\t<\/div>\n\t\t\t\t\t\t\t\t<\/div>\n\t\t\t\t\t<\/div>\n\t\t<\/section>\n\t\t\t\t\t\t<\/div>\n\t\t\t\t\t\t<\/div>\n\t\t\t\t\t<\/div>\n\t\t","protected":false},"excerpt":{"rendered":"<p>Sch\u00f6n ist die Jugend 1) Sch\u00f6n ist die Jugend bei frohen Zeiten &nbsp; &nbsp; sch\u00f6n ist die Jugend, sie kommt nicht mehr &nbsp; &nbsp; sie kommt, sie kommt nicht mehr &nbsp; &nbsp; kehrt niemals wieder her &nbsp; &nbsp; sch\u00f6n ist die Jugend, sie kommt nicht mehr! 2) Ich liebt\u2018 ein Madel von 18 Jahren &nbsp; [&hellip;]<\/p>\n","protected":false},"author":2,"featured_media":0,"parent":0,"menu_order":0,"comment_status":"closed","ping_status":"closed","template":"","meta":[],"_links":{"self":[{"href":"https:\/\/jc.schlarpe.de\/index.php?rest_route=\/wp\/v2\/pages\/373"}],"collection":[{"href":"https:\/\/jc.schlarpe.de\/index.php?rest_route=\/wp\/v2\/pages"}],"about":[{"href":"https:\/\/jc.schlarpe.de\/index.php?rest_route=\/wp\/v2\/types\/page"}],"author":[{"embeddable":true,"href":"https:\/\/jc.schlarpe.de\/index.php?rest_route=\/wp\/v2\/users\/2"}],"replies":[{"embeddable":true,"href":"https:\/\/jc.schlarpe.de\/index.php?rest_route=%2Fwp%2Fv2%2Fcomments&post=373"}],"version-history":[{"count":12,"href":"https:\/\/jc.schlarpe.de\/index.php?rest_route=\/wp\/v2\/pages\/373\/revisions"}],"predecessor-version":[{"id":565,"href":"https:\/\/jc.schlarpe.de\/index.php?rest_route=\/wp\/v2\/pages\/373\/revisions\/565"}],"wp:attachment":[{"href":"https:\/\/jc.schlarpe.de\/index.php?rest_route=%2Fwp%2Fv2%2Fmedia&parent=373"}],"curies":[{"name":"wp","href":"https:\/\/api.w.org\/{rel}","templated":true}]}}