{"id":344,"date":"2020-04-03T16:50:52","date_gmt":"2020-04-03T14:50:52","guid":{"rendered":"https:\/\/jc.schlarpe.de\/?page_id=344"},"modified":"2020-04-03T16:54:37","modified_gmt":"2020-04-03T14:54:37","slug":"die-satzung-des-jcs","status":"publish","type":"page","link":"https:\/\/jc.schlarpe.de\/?page_id=344","title":{"rendered":"Satzung des Junggesellenclub Schlarpe von 1973"},"content":{"rendered":"\t\t<div data-elementor-type=\"wp-page\" data-elementor-id=\"344\" class=\"elementor elementor-344\" data-elementor-settings=\"[]\">\n\t\t\t\t\t\t<div class=\"elementor-inner\">\n\t\t\t\t\t\t\t<div class=\"elementor-section-wrap\">\n\t\t\t\t\t\t\t<section class=\"elementor-section elementor-top-section elementor-element elementor-element-4890c19a elementor-section-boxed elementor-section-height-default elementor-section-height-default\" data-id=\"4890c19a\" data-element_type=\"section\" data-settings=\"{&quot;background_background&quot;:&quot;classic&quot;}\">\n\t\t\t\t\t\t<div class=\"elementor-container elementor-column-gap-default\">\n\t\t\t\t\t\t\t<div class=\"elementor-row\">\n\t\t\t\t\t<div class=\"elementor-column elementor-col-100 elementor-top-column elementor-element elementor-element-66a699e2\" data-id=\"66a699e2\" data-element_type=\"column\">\n\t\t\t<div class=\"elementor-column-wrap elementor-element-populated\">\n\t\t\t\t\t\t\t<div class=\"elementor-widget-wrap\">\n\t\t\t\t\t\t<div class=\"elementor-element elementor-element-92f33ad elementor-widget elementor-widget-heading\" data-id=\"92f33ad\" data-element_type=\"widget\" data-widget_type=\"heading.default\">\n\t\t\t\t<div class=\"elementor-widget-container\">\n\t\t\t<h2 class=\"elementor-heading-title elementor-size-default\">Satzung des Junggesellenclub Schlarpe vom 22.06.1973<\/h2>\t\t<\/div>\n\t\t\t\t<\/div>\n\t\t\t\t<div class=\"elementor-element elementor-element-58c2b68c elementor-widget elementor-widget-text-editor\" data-id=\"58c2b68c\" data-element_type=\"widget\" data-widget_type=\"text-editor.default\">\n\t\t\t\t<div class=\"elementor-widget-container\">\n\t\t\t\t\t<div class=\"elementor-text-editor elementor-clearfix\"><p><!-- wp:paragraph --><\/p>\n<p><em>\u00a7 1 Name und Sitz<\/em><br \/>Der 1973 in Schlarpe wieder ins Leben gerufene Junggesellenverein, welcher am 4.4.1973 gegr\u00fcndet wurde, f\u00fchrt den Namen Junggesellenclub<br \/>Schlarpe. Der Verein hat seinen Sitz in Schlarpe.<br \/>Der Junggesellenclub soll nicht ins Vereinsregister eingetragen werden.<br \/><br \/><em>\u00a7 2 Zweck des Vereins<\/em><br \/>Zweck des Vereins ist es, die Geselligkeit und den Zusammenhalt der Junggesellen zu f\u00f6rdern. Au\u00dferdem wird er bei Hochzeiten das<br \/>Brautpaar durch seinen Gesang erfreuen. Der Junggesellenclub ist politisch und religi\u00f6s neutral.<br \/><br \/><em>\u00a7 3 Rechtsgrundlage<\/em><br \/>Die Rechte und Pflichten der Mitglieder, sowie aller Organe des Vereins werden durch die vorliegende Satzung geregelt. F\u00fcr Streitigkeiten,<br \/>die aus der Mitgliedschaft zum Verein und aller damit in Zusammenhang stehenden Fragen entstehen ist die Satzung zust\u00e4ndig.<br \/><br \/><em>\u00a7 4 Erwerbung der Mitgliedschaft<\/em><br \/>Die Mitgliedschaft zum Verein kann jede m\u00e4nnliche Person \u00fcber 15 Jahre auf Antrag erwerben, sofern sie sich zur Beachtung dieser<br \/>Satzungsbestimmungen durch Unterschrift bekennt. Der Aufnahmeantrag muss beim Vorstand eingereicht werden. Gleichzeitig ist der Beitrag<br \/>f\u00fcr den Eintrittsmonat zu entrichten.<br \/><br \/><em>\u00a7 5 Erl\u00f6schen der Mitgliedschaft<\/em><br \/>Die Mitgliedschaft erlischt:<\/p>\n<p><!-- \/wp:paragraph --><\/p>\n<p><!-- wp:list {\"ordered\":true,\"type\":\"1\"} --><\/p>\n<ol type=\"1\">\n<li>Durch Austritt auf Grund einer schriftlichen Abmeldung unter Einhaltung einer K\u00fcndigungsfrist von einem Monat.<\/li>\n<li>Durch Ausschluss aus dem Verein auf Grund eines Beschlusses des Vorstandes und der Mitgliederversammlung.<\/li>\n<\/ol>\n<p><!-- \/wp:list --><\/p>\n<p><!-- wp:paragraph --><\/p>\n<p><br \/>Durch Erl\u00f6schen der Mitgliedschaft bleiben die auf Grund der bisherigen Mitgliedschaft zur Entstehung gelangten Verbindlichkeiten<br \/>gegen\u00fcber dem Verein unber\u00fchrt.<br \/><br \/><em>\u00a7 6 Rechte der Mitglieder<\/em><br \/>Die Vereinsmitglieder sind insbesondere berechtigt:<\/p>\n<p><!-- \/wp:paragraph --><\/p>\n<p><!-- wp:list {\"ordered\":true,\"type\":\"1\"} --><\/p>\n<ol type=\"1\">\n<li>durch Aus\u00fcbung des Stimmrechtes an den Beratungen und Beschlussfassungen der Mitgliederversammlungen teilzunehmen.<\/li>\n<li>An allen Veranstaltungen des Vereins sich zu beteiligen.<\/li>\n<\/ol>\n<p><!-- \/wp:list --><\/p>\n<p><!-- wp:paragraph --><\/p>\n<p><br \/><em>\u00a7 7 Pflichten der Mitglieder<\/em><br \/>Die Mitglieder sind insbesondere verpflichtet:<\/p>\n<p><!-- \/wp:paragraph --><\/p>\n<p><!-- wp:list {\"ordered\":true,\"type\":\"1\"} --><\/p>\n<ol type=\"1\">\n<li>die Satzungen des Vereins und die Beschl\u00fcsse der Versammlungen zu befolgen<\/li>\n<li>nicht gegen die Interessen des Vereins zu handeln<\/li>\n<li>die durch Beschluss der Versammlungen festgelegten Beitr\u00e4ge zu entrichten<\/li>\n<li>an allen Veranstaltungen mitzuwirken, zu deren Teilnahme sie sich verpflichtet haben<\/li>\n<li>auf einer Hochzeit f\u00fcr das Geschenk den festgesetzten Betrag von DM 1,00 und das eventuell anfallende Fahrgeld von DM 0,20<br \/>pro km zu entrichten<\/li>\n<li>in allen aus der Mitgliedschaft zum Verein anwachsenden Angelegenheiten, sei es in Beziehung zu anderen Mitgliedern des Vereins,<br \/>ausschlie\u00dflich des im Verein bestehenden Vorstandes, nach Auslegung der Satzungen zu unterwerfen.<\/li>\n<\/ol>\n<p><!-- \/wp:list --><\/p>\n<p><!-- wp:paragraph --><\/p>\n<p><br \/>Das Fahrgeld ergibt sich mit der Anzahl der Autos und der gefahrenen Kilometer. Es wird auf die Anzahl der Teilnehmer verteilt. Das<br \/>Geld f\u00fcr das Geschenk wird bei der viertelj\u00e4hrigen Beitragserhebung ber\u00fccksichtigt. Das Fahrgeld wird am gleichen Abend kassiert.<br \/><br \/><em>\u00a7 8 Organe des Vereins<\/em><\/p>\n<p><!-- \/wp:paragraph --><\/p>\n<p><!-- wp:list {\"ordered\":true,\"type\":\"1\"} --><\/p>\n<ol type=\"1\">\n<li>die Jahreshauptversammlung und Mitgliederversammlungen<\/li>\n<li>der Vorstand<\/li>\n<\/ol>\n<p><!-- \/wp:list --><\/p>\n<p><!-- wp:paragraph --><\/p>\n<p><br \/>Die Zugeh\u00f6rigkeit zu einem Vereinsamt ist ein Ehrenamt. Eine Verg\u00fctung barer Auslagen findet nur nach Ma\u00dfgabe besonderer<br \/>Beschl\u00fcsse einer ordentlichen Mitgliederversammlung statt.<br \/><br \/><em>\u00a7 9 Mitgliederversammmlungen<\/em><br \/>Die Mitglieder haben das Recht ihre Stimmen bei den Mitgliederversammlungen abzugeben. Jedes Mitglied hat nur eine Stimme. Bei<br \/>Verhinderung kann die Stimme schriftlich abgegeben werden. Die Einberufung der Versammlungen einschlie\u00dflich der Jahreshauptversammlung<br \/>erfolgt durch den Vorstand. Der Termin ist 14 Tage vorher bekannt zu geben. Antr\u00e4ge zur Tagesordnung sind 7 Tage vor den Versammlungen<br \/>schriftlich beim Vorstand einzureichen. Die Versammlungen werden vom 1. Vorsitzenden geleitet.<br \/><br \/><em>\u00a7 10 Aufgaben<\/em><br \/>Der Jahreshauptversammlung steht die oberste Entscheidung in allen Vereinsangelegenheiten zu, soweit sie nicht Satzungsgem\u00e4\u00df anderen<br \/>Organen \u00fcbertragen ist. Seiner Beschlussfassung unterliegt insbesondere:<\/p>\n<p><!-- \/wp:paragraph --><\/p>\n<p><!-- wp:list {\"ordered\":true,\"type\":\"1\"} --><\/p>\n<ol type=\"1\">\n<li>Wahl der Vorstandmitglieder<\/li>\n<li>Wahl von mindestens 3 Kassenpr\u00fcfern<\/li>\n<li>Bestimmung der Grunds\u00e4tze f\u00fcr die Beitragserhebung f\u00fcr das kommende Gesch\u00e4ftsjahr<\/li>\n<li>Entlastung der Organe bez\u00fcglich der Kassenablage und der Gesch\u00e4ftsf\u00fchrung<\/li>\n<\/ol>\n<p><!-- \/wp:list --><\/p>\n<p><!-- wp:paragraph --><\/p>\n<p><br \/><em>\u00a7 11 Tagesordnung<\/em><br \/>Die Tagesordnung einer Jahreshauptversammlung hat mindestens folgende Punkte zu umfassen:<\/p>\n<p><!-- \/wp:paragraph --><\/p>\n<p><!-- wp:list {\"ordered\":true,\"type\":\"1\"} --><\/p>\n<ol type=\"1\">\n<li>Feststellen der Mitglieder<\/li>\n<li>Rechenschaftsbericht des Vorstandes und der Kassenpr\u00fcfer<\/li>\n<li>Beschlussfassung \u00fcber die Entlastung<\/li>\n<li>Bestimmungen \u00fcber die Beitr\u00e4ge f\u00fcr das neue Gesch\u00e4ftsjahr<\/li>\n<li>Neuwahlen<\/li>\n<li>Verschiedenes<\/li>\n<\/ol>\n<p><!-- \/wp:list --><\/p>\n<p><!-- wp:paragraph --><\/p>\n<p><br \/><em>\u00a7 12 Vereinsvorstand<\/em><br \/>Der Vorstand setzt sich aus folgenden Mitgliedern zusammen:<\/p>\n<p><!-- \/wp:paragraph --><\/p>\n<p><!-- wp:list {\"ordered\":true,\"type\":\"1\"} --><\/p>\n<ol type=\"1\">\n<li>dem 1. Vorsitzenden<\/li>\n<li>dem 2. Vorsitzenden<\/li>\n<li>dem Kassenwart<\/li>\n<li>dem Schriftf\u00fchrer<\/li>\n<\/ol>\n<p><!-- \/wp:list --><\/p>\n<p><!-- wp:paragraph --><\/p>\n<p><br \/>Die Mitglieder des Vorstandes werden von der Jahreshauptversammlung f\u00fcr die Dauer eines Gesch\u00e4ftsjahres gew\u00e4hlt.<br \/>Wiederwahl ist unbegrenzt zul\u00e4ssig<br \/><br \/><em>\u00a7 13 Pflichten und Rechte des Vorstandes<\/em><\/p>\n<p><!-- \/wp:paragraph --><\/p>\n<p><!-- wp:list {\"ordered\":true,\"type\":\"1\"} --><\/p>\n<ol type=\"1\">\n<li>Aufgaben des Vorstandes<br \/>Der Vorstand hat die Gesch\u00e4fte des Vereins nach den Vorschriften der Satzung und nach Ma\u00dfgabe der durch die Mitgliederversammlung<br \/>gefassten Beschl\u00fcsse zu f\u00fchren. Der Vorstand ist notfalls erm\u00e4chtigt beim Ausscheiden oder sonstiger, dauernder Verhinderung von<br \/>Mitgliedern, die im Vorstand sind, deren Amt bis zur n\u00e4chsten Jahreshauptversammlung durch geeignete Mitglieder des Vereins zu<br \/>besetzen.<\/li>\n<li>Aufgaben der einzelnen Mitglieder des Vorstandes:<br \/><br \/>Der 1. Vorsitzende vertritt den Verein nach au\u00dfen und innen und regelt das Verh\u00e4ltnis der einzelnen Mitglieder untereinander und<br \/>zum Verein. Die Aufsicht \u00fcber die gesamte Gesch\u00e4ftsordnung des Vorstandes und aller Organe. Er unterzeichnet die genehmigten<br \/>Protokolle von Mitgliederversammlungen und Vorstandssitzungen, sowie alle wichtigen und verbindlichen Schriftst\u00fccke.<br \/>Der 2. Vorsitzende verwaltet die Vereinskassengesch\u00e4fte und sorgt f\u00fcr die Einziehung der Beitr\u00e4ge. Alle Zahlungen d\u00fcrfen nur auf<br \/>Anweisung des 1. Vorsitzenden geleistet werden. Er ist f\u00fcr den Bestand des Vereinsverm\u00f6gens verantwortlich. Bei Kassenrevisionen<br \/>sind alle Ausgaben durch Belege, die vom 1. Vorsitzenden anerkannt sein m\u00fcssen, nachzuweisen.<br \/>Der Schriftf\u00fchrer erledigt den gesamten Gesch\u00e4fts- und Schriftverkehr des Vereins und kann einfache, f\u00fcr den Verein unverbindliche<br \/>Mitteilungen mit Zustimmung des 1. Vorsitzenden allein unterzeichnen. Er f\u00fchrt in den Versammlungen das Protokoll, welches er zu<br \/>unterzeichnen hat. Er hat am Schluss eines jeden Gesch\u00e4ftsjahres einen schriftlichen Jahresbericht vorzulegen, der in der<br \/>Jahreshauptversammlung zu verlesen ist.<br \/><br \/>Der Vorstand entscheidet mit bindender Kraft \u00fcber Streitigkeiten und Satzungsverst\u00f6\u00dfe innerhalb des Vereins, soweit der Vorfall mit<br \/>der Vereinszugeh\u00f6rigkeit in Zusammenhang steht. Er tritt auf Antrag jedes Vereinsmitgliedes zusammen und beschlie\u00dft nach m\u00fcndlicher<br \/>Verhandlung, nachdem dem Betroffenen Zeit und Gelegenheit gegeben ist, sich wegen der erhobenen Anschuldigungen zu verantworten und<br \/>zu entlasten. Der Vorstand darf folgende Strafen verh\u00e4ngen:<br \/>\n<ol start=\"1\" type=\"a\">\n<li>Verwarnung<\/li>\n<li>Verweis<\/li>\n<li>Aberkennung der F\u00e4higkeit ein Vereinsamt zu bekleiden, mit sofortiger Suspendierung<\/li>\n<\/ol>\n<\/li>\n<\/ol>\n<p><!-- \/wp:list --><\/p>\n<p><!-- wp:paragraph --><\/p>\n<p><br \/>Jede den Betroffenen belastende Entscheidung ist diesem schriftlich mitzuteilen und zu begr\u00fcnden. Seine Entscheidung ist endg\u00fcltig.<br \/>Es liegt im Ermessen des Vorstandes die Wahl und die Menge der Strafe zu bestimmen.<\/p>\n<p><!-- \/wp:paragraph --><\/p>\n<p><!-- wp:paragraph --><\/p>\n<p><br \/><br \/><em>\u00a7 14 Kassenpr\u00fcfer<\/em><br \/>Die von der Jahreshauptversammlung zu w\u00e4hlenden Kassenpr\u00fcfer haben gemeinschaftlich vor der Jahreshauptversammlung eine Kassenpr\u00fcfung<br \/>vorzunehmen, deren Ergebnis sie in einem Protokoll niederlegen und dem 1. Vorsitzenden mitzuteilen haben, der hier\u00fcber der<br \/>Jahreshauptversammlung berichtet. Die Wahl der Kassenpr\u00fcfer erfolgt auf ein Gesch\u00e4ftsjahr. In jedem Gesch\u00e4ftsjahr muss mindestens ein<br \/>Pr\u00fcfer, und zwar der, der das Amt am l\u00e4ngsten inne hatte, ausscheiden.<br \/><br \/><em>\u00a7 15 Allgemeine Schlussbestimmungen: Verfahren der Beschlussfassung der Organe<\/em><br \/>Die Beschl\u00fcsse werden mit einfacher Mehrheit der erscheinenden Mitglieder gefasst. Bei Stimmgleichheit ist ein Antrag abgelehnt. Die<br \/>Abstimmung geschieht \u00f6ffentlich durch Handzeichen. S\u00e4mtliche Mitglieder sind zur Stellung von Antr\u00e4gen zur Tagesordnung bis 7 Tage vor<br \/>Versammlungstermin berechtigt. Die Vorschrift des \u00a7 9 bleibt unber\u00fchrt. \u00dcber s\u00e4mtliche Versammlungen ist ein Protokoll in einem fortlaufend<br \/>mit Seitenzahlen versehenes Buch zu f\u00fchren, welches von dem jeweiligen Versammlungsleiter und Schriftf\u00fchrer zu unterschreiben ist. Das<br \/>Protokoll muss Angaben \u00fcber die Anzahl der Erschienenen, die gestellten Antr\u00e4ge und das Abstimmungsergebnis enthalten. Beschl\u00fcsse sind<br \/>besonders hervorzuheben.<br \/><br \/><em>\u00a7 16 Satzungs\u00e4nderung und Aufl\u00f6sung des Vereins<\/em><br \/>Zur Beschlussfassung \u00fcber Satzungs\u00e4nderungen ist eine Mehrheit der gesamten Mitglieder erforderlich. Wenn bei der ersten Sitzung nicht<br \/>die notwendige Mehrheit vorhanden ist, dann muss eine zweite Sitzung einberufen werden. Bei der 2. Sitzung kann dann die 2\/3 Mehrheit<br \/>der anwesenden Mitglieder eine Satzungs\u00e4nderung beschlie\u00dfen.<br \/>Um den Verein aufzul\u00f6sen sind mindestens 3\/4 der Mitglieder erforderlich.<br \/><br \/>\u00a7 17 Verm\u00f6gen des Vereins<br \/>Die \u00dcbersch\u00fcsse der Vereinskasse, sowie die sonst vorhandenen Verm\u00f6gensgegenst\u00e4nde sind Eigentum des Vereins. Ausgeschiedenen Mitgliedern<br \/>steht ein Anspruch hieran nicht zu. Im Falle der Aufl\u00f6sung des Vereins wird das Vereinsverm\u00f6gen bei einem gem\u00fctlichen Abend verbraucht.<br \/><br \/><em>\u00a7 18 Gesch\u00e4ftsjahr<\/em><br \/>Das Gesch\u00e4ftsjahr deckt sich mit dem Kalenderjahr.<br \/><br \/><em>\u00a7 19 Ausscheiden durch Heirat<\/em><br \/>Jedes Mitglied scheidet durch Heirat aus dem Verein aus.<\/p>\n<p><!-- \/wp:paragraph --><\/p><\/div>\n\t\t\t\t<\/div>\n\t\t\t\t<\/div>\n\t\t\t\t\t\t<\/div>\n\t\t\t\t\t<\/div>\n\t\t<\/div>\n\t\t\t\t\t\t\t\t<\/div>\n\t\t\t\t\t<\/div>\n\t\t<\/section>\n\t\t\t\t\t\t<\/div>\n\t\t\t\t\t\t<\/div>\n\t\t\t\t\t<\/div>\n\t\t","protected":false},"excerpt":{"rendered":"<p>Satzung des Junggesellenclub Schlarpe vom 22.06.1973 \u00a7 1 Name und SitzDer 1973 in Schlarpe wieder ins Leben gerufene Junggesellenverein, welcher am 4.4.1973 gegr\u00fcndet wurde, f\u00fchrt den Namen JunggesellenclubSchlarpe. Der Verein hat seinen Sitz in Schlarpe.Der Junggesellenclub soll nicht ins Vereinsregister eingetragen werden. \u00a7 2 Zweck des VereinsZweck des Vereins ist es, die Geselligkeit und den [&hellip;]<\/p>\n","protected":false},"author":2,"featured_media":0,"parent":0,"menu_order":0,"comment_status":"closed","ping_status":"closed","template":"elementor_header_footer","meta":[],"_links":{"self":[{"href":"https:\/\/jc.schlarpe.de\/index.php?rest_route=\/wp\/v2\/pages\/344"}],"collection":[{"href":"https:\/\/jc.schlarpe.de\/index.php?rest_route=\/wp\/v2\/pages"}],"about":[{"href":"https:\/\/jc.schlarpe.de\/index.php?rest_route=\/wp\/v2\/types\/page"}],"author":[{"embeddable":true,"href":"https:\/\/jc.schlarpe.de\/index.php?rest_route=\/wp\/v2\/users\/2"}],"replies":[{"embeddable":true,"href":"https:\/\/jc.schlarpe.de\/index.php?rest_route=%2Fwp%2Fv2%2Fcomments&post=344"}],"version-history":[{"count":5,"href":"https:\/\/jc.schlarpe.de\/index.php?rest_route=\/wp\/v2\/pages\/344\/revisions"}],"predecessor-version":[{"id":349,"href":"https:\/\/jc.schlarpe.de\/index.php?rest_route=\/wp\/v2\/pages\/344\/revisions\/349"}],"wp:attachment":[{"href":"https:\/\/jc.schlarpe.de\/index.php?rest_route=%2Fwp%2Fv2%2Fmedia&parent=344"}],"curies":[{"name":"wp","href":"https:\/\/api.w.org\/{rel}","templated":true}]}}