{"id":148,"date":"2020-03-21T21:25:56","date_gmt":"2020-03-21T20:25:56","guid":{"rendered":"https:\/\/jc.schlarpe.de\/?page_id=148"},"modified":"2025-06-17T20:29:02","modified_gmt":"2025-06-17T18:29:02","slug":"one-page","status":"publish","type":"page","link":"https:\/\/jc.schlarpe.de\/","title":{"rendered":"Startseite"},"content":{"rendered":"\t\t<div data-elementor-type=\"wp-page\" data-elementor-id=\"148\" class=\"elementor elementor-148\" data-elementor-settings=\"[]\">\n\t\t\t\t\t\t<div class=\"elementor-inner\">\n\t\t\t\t\t\t\t<div class=\"elementor-section-wrap\">\n\t\t\t\t\t\t\t<section class=\"elementor-section elementor-top-section elementor-element elementor-element-03c26bc elementor-section-boxed elementor-section-height-default elementor-section-height-default\" data-id=\"03c26bc\" data-element_type=\"section\">\n\t\t\t\t\t\t<div class=\"elementor-container elementor-column-gap-default\">\n\t\t\t\t\t\t\t<div class=\"elementor-row\">\n\t\t\t\t\t<div class=\"elementor-column elementor-col-100 elementor-top-column elementor-element elementor-element-80edb61\" data-id=\"80edb61\" data-element_type=\"column\">\n\t\t\t<div class=\"elementor-column-wrap elementor-element-populated\">\n\t\t\t\t\t\t\t<div class=\"elementor-widget-wrap\">\n\t\t\t\t\t\t<div class=\"elementor-element elementor-element-2c720b5 elementor-widget elementor-widget-image\" data-id=\"2c720b5\" data-element_type=\"widget\" data-widget_type=\"image.default\">\n\t\t\t\t<div class=\"elementor-widget-container\">\n\t\t\t\t\t<div class=\"elementor-image\">\n\t\t\t\t\t\t\t\t\t\t\t<a href=\"https:\/\/jc.schlarpe.de\/?page_id=752\">\n\t\t\t\t\t\t\t<img width=\"1024\" height=\"663\" src=\"https:\/\/jc.schlarpe.de\/wp-content\/uploads\/2025\/06\/Screenshot-2025-06-17-192146-1024x663.png\" class=\"attachment-large size-large\" alt=\"\" loading=\"lazy\" srcset=\"https:\/\/jc.schlarpe.de\/wp-content\/uploads\/2025\/06\/Screenshot-2025-06-17-192146-1024x663.png 1024w, https:\/\/jc.schlarpe.de\/wp-content\/uploads\/2025\/06\/Screenshot-2025-06-17-192146-300x194.png 300w, https:\/\/jc.schlarpe.de\/wp-content\/uploads\/2025\/06\/Screenshot-2025-06-17-192146-768x497.png 768w, https:\/\/jc.schlarpe.de\/wp-content\/uploads\/2025\/06\/Screenshot-2025-06-17-192146-830x537.png 830w, https:\/\/jc.schlarpe.de\/wp-content\/uploads\/2025\/06\/Screenshot-2025-06-17-192146-230x149.png 230w, https:\/\/jc.schlarpe.de\/wp-content\/uploads\/2025\/06\/Screenshot-2025-06-17-192146-350x227.png 350w, https:\/\/jc.schlarpe.de\/wp-content\/uploads\/2025\/06\/Screenshot-2025-06-17-192146-480x311.png 480w, https:\/\/jc.schlarpe.de\/wp-content\/uploads\/2025\/06\/Screenshot-2025-06-17-192146.png 1495w\" sizes=\"(max-width: 1024px) 100vw, 1024px\" \/>\t\t\t\t\t\t\t\t<\/a>\n\t\t\t\t\t\t\t\t\t\t\t<\/div>\n\t\t\t\t<\/div>\n\t\t\t\t<\/div>\n\t\t\t\t\t\t<\/div>\n\t\t\t\t\t<\/div>\n\t\t<\/div>\n\t\t\t\t\t\t\t\t<\/div>\n\t\t\t\t\t<\/div>\n\t\t<\/section>\n\t\t\t\t<section class=\"elementor-section elementor-top-section elementor-element elementor-element-44fe91c3 elementor-section-boxed elementor-section-height-default elementor-section-height-default\" data-id=\"44fe91c3\" data-element_type=\"section\">\n\t\t\t\t\t\t<div class=\"elementor-container elementor-column-gap-default\">\n\t\t\t\t\t\t\t<div class=\"elementor-row\">\n\t\t\t\t\t<div class=\"elementor-column elementor-col-100 elementor-top-column elementor-element elementor-element-3fd798ef\" data-id=\"3fd798ef\" data-element_type=\"column\">\n\t\t\t<div class=\"elementor-column-wrap elementor-element-populated\">\n\t\t\t\t\t\t\t<div class=\"elementor-widget-wrap\">\n\t\t\t\t\t\t<div class=\"elementor-element elementor-element-1b50e60a elementor-widget elementor-widget-text-editor\" data-id=\"1b50e60a\" data-element_type=\"widget\" data-widget_type=\"text-editor.default\">\n\t\t\t\t<div class=\"elementor-widget-container\">\n\t\t\t\t\t<div class=\"elementor-text-editor elementor-clearfix\"><h1>Der Vorstand<\/h1><h3>1. Vorsitzender<\/h3><p><img loading=\"lazy\" class=\"alignnone size-medium wp-image-603\" src=\"https:\/\/jc.schlarpe.de\/wp-content\/uploads\/2023\/03\/Niklas_Website-225x300.jpg\" alt=\"\" width=\"225\" height=\"300\" srcset=\"https:\/\/jc.schlarpe.de\/wp-content\/uploads\/2023\/03\/Niklas_Website-225x300.jpg 225w, https:\/\/jc.schlarpe.de\/wp-content\/uploads\/2023\/03\/Niklas_Website-768x1024.jpg 768w, https:\/\/jc.schlarpe.de\/wp-content\/uploads\/2023\/03\/Niklas_Website-1152x1536.jpg 1152w, https:\/\/jc.schlarpe.de\/wp-content\/uploads\/2023\/03\/Niklas_Website-1536x2048.jpg 1536w, https:\/\/jc.schlarpe.de\/wp-content\/uploads\/2023\/03\/Niklas_Website-830x1107.jpg 830w, https:\/\/jc.schlarpe.de\/wp-content\/uploads\/2023\/03\/Niklas_Website-230x307.jpg 230w, https:\/\/jc.schlarpe.de\/wp-content\/uploads\/2023\/03\/Niklas_Website-350x467.jpg 350w, https:\/\/jc.schlarpe.de\/wp-content\/uploads\/2023\/03\/Niklas_Website-480x640.jpg 480w, https:\/\/jc.schlarpe.de\/wp-content\/uploads\/2023\/03\/Niklas_Website-scaled.jpg 1920w\" sizes=\"(max-width: 225px) 100vw, 225px\" \/><\/p><pre role=\"textbox\" contenteditable=\"true\" aria-multiline=\"true\" aria-label=\"Schreibe\u2026\">Niklas Steckel<br data-rich-text-line-break=\"true\" \/>\ud83d\udcde+49 (0) 176 39803259<\/pre><h3>2. Vorsitzender<\/h3><p><img loading=\"lazy\" class=\"alignnone size-medium wp-image-604\" src=\"https:\/\/jc.schlarpe.de\/wp-content\/uploads\/2023\/03\/Tim_Website-225x300.jpg\" alt=\"\" width=\"225\" height=\"300\" srcset=\"https:\/\/jc.schlarpe.de\/wp-content\/uploads\/2023\/03\/Tim_Website-225x300.jpg 225w, https:\/\/jc.schlarpe.de\/wp-content\/uploads\/2023\/03\/Tim_Website-768x1024.jpg 768w, https:\/\/jc.schlarpe.de\/wp-content\/uploads\/2023\/03\/Tim_Website-1152x1536.jpg 1152w, https:\/\/jc.schlarpe.de\/wp-content\/uploads\/2023\/03\/Tim_Website-1536x2048.jpg 1536w, https:\/\/jc.schlarpe.de\/wp-content\/uploads\/2023\/03\/Tim_Website-830x1107.jpg 830w, https:\/\/jc.schlarpe.de\/wp-content\/uploads\/2023\/03\/Tim_Website-230x307.jpg 230w, https:\/\/jc.schlarpe.de\/wp-content\/uploads\/2023\/03\/Tim_Website-350x467.jpg 350w, https:\/\/jc.schlarpe.de\/wp-content\/uploads\/2023\/03\/Tim_Website-480x640.jpg 480w, https:\/\/jc.schlarpe.de\/wp-content\/uploads\/2023\/03\/Tim_Website-scaled.jpg 1920w\" sizes=\"(max-width: 225px) 100vw, 225px\" \/><\/p><pre>Tim Wilke<br data-rich-text-line-break=\"true\" \/>\ud83d\udcde+49 (0) 170 1091710<\/pre><h3>Kassenwart<\/h3><p><img loading=\"lazy\" class=\"alignnone size-medium wp-image-605\" src=\"https:\/\/jc.schlarpe.de\/wp-content\/uploads\/2023\/03\/Janne_Website-225x300.jpg\" alt=\"\" width=\"225\" height=\"300\" srcset=\"https:\/\/jc.schlarpe.de\/wp-content\/uploads\/2023\/03\/Janne_Website-225x300.jpg 225w, https:\/\/jc.schlarpe.de\/wp-content\/uploads\/2023\/03\/Janne_Website-768x1024.jpg 768w, https:\/\/jc.schlarpe.de\/wp-content\/uploads\/2023\/03\/Janne_Website-1152x1536.jpg 1152w, https:\/\/jc.schlarpe.de\/wp-content\/uploads\/2023\/03\/Janne_Website-1536x2048.jpg 1536w, https:\/\/jc.schlarpe.de\/wp-content\/uploads\/2023\/03\/Janne_Website-830x1107.jpg 830w, https:\/\/jc.schlarpe.de\/wp-content\/uploads\/2023\/03\/Janne_Website-230x307.jpg 230w, https:\/\/jc.schlarpe.de\/wp-content\/uploads\/2023\/03\/Janne_Website-350x467.jpg 350w, https:\/\/jc.schlarpe.de\/wp-content\/uploads\/2023\/03\/Janne_Website-480x640.jpg 480w, https:\/\/jc.schlarpe.de\/wp-content\/uploads\/2023\/03\/Janne_Website-scaled.jpg 1920w\" sizes=\"(max-width: 225px) 100vw, 225px\" \/><\/p><pre role=\"textbox\" contenteditable=\"true\" aria-multiline=\"true\" aria-label=\"Schreibe\u2026\">Janne Krimmling\n\ud83d\udcde+49 (0) 1575 5581564\n<\/pre><h3>Schriftf\u00fchrer<\/h3><p><img loading=\"lazy\" class=\"alignnone size-full wp-image-597\" src=\"https:\/\/jc.schlarpe.de\/wp-content\/uploads\/2022\/04\/default-profile-image.png\" alt=\"\" width=\"186\" height=\"248\" \/><\/p><pre role=\"textbox\" contenteditable=\"true\" aria-multiline=\"true\" aria-label=\"Schreibe\u2026\">Jannis Steckel\n\ud83d\udcde+49 (0) 157 89735140\n<\/pre><p><b>\u00a0<\/b><\/p><p><a style=\"color: #443f3f; transition-property: all; outline: 0px;\" role=\"button\" href=\"https:\/\/jc.schlarpe.de\/?page_id=110\"><b>Vorstand&#8230;<\/b><\/a><\/p><p><b><a role=\"button\" href=\"https:\/\/jc.schlarpe.de\/?page_id=344\"><span style=\"color: #47425d;\"><br \/><\/span>Satzung&#8230;<br \/><\/a><br \/><\/b><a role=\"button\" href=\"https:\/\/jc.schlarpe.de\/?page_id=110\"><br \/><\/a><\/p><h1><strong>Ostern<\/strong><\/h1><p>Das Osterfeuer ist zweifelsohne das Ereignis des Jahres f\u00fcr den gesamten Club. Fr\u00fcher waren die Konfirmanden aus Schlarpe f\u00fcr den Aufbau des Osterfeuers zust\u00e4ndig. Im Jahr 1974 gab es erstmals in Schlarpe keine Konfirmanden, deshalb sprang der Junggesellen-Club-Schlarpe in die Bresche und baute erstmals das Osterfeuer auf. In allen folgenden Jahren wurden die Schlarper Konfirmanden zu der Versammlung vor dem Osterfeuer eingeladen und gefragt, ob der JCS beim Aufbau des Osterfeuers mithelfen darf.<\/p><p>Bis 1984 wurde das Osterfeuer am Osterteich aufgebaut. Ab diesem Jahr wurden allerdings h\u00f6here Ma\u00dfst\u00e4be an den Platz gestellt und so zog das Osterfeuer auf den \u201eAlten Sportplatz\u201c um. Seitdem wird das Osterfeuer jedes Jahr dort abgebrannt. Die Schutzh\u00fctte, die im Jahr 2000 gebaut wurde, l\u00e4d jedes Jahr aufs Neue zu gem\u00fctlichen Stunden ein.<\/p><p><img loading=\"lazy\" src=\"https:\/\/jc.schlarpe.de\/wp-content\/uploads\/2020\/04\/Ostern_2019_006-1024x768.jpg\" sizes=\"(max-width: 1024px) 100vw, 1024px\" srcset=\"https:\/\/jc.schlarpe.de\/wp-content\/uploads\/2020\/04\/Ostern_2019_006-1024x768.jpg 1024w, https:\/\/jc.schlarpe.de\/wp-content\/uploads\/2020\/04\/Ostern_2019_006-300x225.jpg 300w, https:\/\/jc.schlarpe.de\/wp-content\/uploads\/2020\/04\/Ostern_2019_006-768x576.jpg 768w, https:\/\/jc.schlarpe.de\/wp-content\/uploads\/2020\/04\/Ostern_2019_006-1536x1152.jpg 1536w, https:\/\/jc.schlarpe.de\/wp-content\/uploads\/2020\/04\/Ostern_2019_006-2048x1536.jpg 2048w, https:\/\/jc.schlarpe.de\/wp-content\/uploads\/2020\/04\/Ostern_2019_006-830x623.jpg 830w, https:\/\/jc.schlarpe.de\/wp-content\/uploads\/2020\/04\/Ostern_2019_006-230x173.jpg 230w, https:\/\/jc.schlarpe.de\/wp-content\/uploads\/2020\/04\/Ostern_2019_006-350x263.jpg 350w, https:\/\/jc.schlarpe.de\/wp-content\/uploads\/2020\/04\/Ostern_2019_006-480x360.jpg 480w\" alt=\"\" width=\"1024\" height=\"768\" \/><br \/><img loading=\"lazy\" src=\"https:\/\/jc.schlarpe.de\/wp-content\/uploads\/2020\/04\/Ostern_2019_013-1024x768.jpg\" sizes=\"(max-width: 1024px) 100vw, 1024px\" srcset=\"https:\/\/jc.schlarpe.de\/wp-content\/uploads\/2020\/04\/Ostern_2019_013-1024x768.jpg 1024w, https:\/\/jc.schlarpe.de\/wp-content\/uploads\/2020\/04\/Ostern_2019_013-300x225.jpg 300w, https:\/\/jc.schlarpe.de\/wp-content\/uploads\/2020\/04\/Ostern_2019_013-768x576.jpg 768w, https:\/\/jc.schlarpe.de\/wp-content\/uploads\/2020\/04\/Ostern_2019_013-1536x1152.jpg 1536w, https:\/\/jc.schlarpe.de\/wp-content\/uploads\/2020\/04\/Ostern_2019_013-2048x1536.jpg 2048w, https:\/\/jc.schlarpe.de\/wp-content\/uploads\/2020\/04\/Ostern_2019_013-830x623.jpg 830w, https:\/\/jc.schlarpe.de\/wp-content\/uploads\/2020\/04\/Ostern_2019_013-230x173.jpg 230w, https:\/\/jc.schlarpe.de\/wp-content\/uploads\/2020\/04\/Ostern_2019_013-350x263.jpg 350w, https:\/\/jc.schlarpe.de\/wp-content\/uploads\/2020\/04\/Ostern_2019_013-480x360.jpg 480w\" alt=\"\" width=\"1024\" height=\"768\" \/><\/p><p>In den Samstagen vor Ostern stellen wir ein Ger\u00fcst aus Baumst\u00e4mmen auf. Durch dieses Ger\u00fcst bekommt das Feuer sp\u00e4ter Luft von unten und kann komplett abbrennen. Der Aufbau des Osterfeuers beginnt in der Osterwoche. Dort sammeln wir aus allen Himmelrichtungen Brennmaterial zusammen und schichten es in m\u00fchevoller Handarbeit auf dem Osterfeuer auf. Im letzten Arbeitsschritt stopfen wir Ostersonntag Stroh unter das Feuer. Bei Einbruch der Dunkelheit z\u00fcnden wir das Feuer an.<\/p><p>Den Abschluss eines jeden Osterfestes bildet der Ostermontag. Dort trifft sich der Club zum Traditionellen Eiersammeln. Dort ziehen wir durch das Dorf und bitten jeden um eine kleine Spende in Form von Eiern oder einen rostigen Cent. Die Eier werden danach zubereitet und verzehrt. Danach ist Ostern endg\u00fcltig beendet.<\/p><h1><strong>1. Mai<\/strong><\/h1><div style=\"width: 640px;\" class=\"wp-video\"><!--[if lt IE 9]><script>document.createElement('video');<\/script><![endif]-->\n<video class=\"wp-video-shortcode\" id=\"video-148-1\" width=\"640\" height=\"360\" preload=\"metadata\" controls=\"controls\"><source type=\"video\/mp4\" src=\"https:\/\/jc.schlarpe.de\/wp-content\/uploads\/2020\/04\/VID-20190502-WA0003.mp4?_=1\" \/><a href=\"https:\/\/jc.schlarpe.de\/wp-content\/uploads\/2020\/04\/VID-20190502-WA0003.mp4\">https:\/\/jc.schlarpe.de\/wp-content\/uploads\/2020\/04\/VID-20190502-WA0003.mp4<\/a><\/video><\/div><p><a style=\"color: #000000;\" name=\"Mai\"><\/a>Jedes Jahr stellt der Junggesellenclub am 1. Mai den Schlarper Maibaum auf. Ein oder zwei Tage vor dem 1. Mai fahren wir in den Wald um den Maibaum zu holen. Dieser wird traditionell jedes Jahr frisch aus dem Wald geholt. Nachdem der Baum gesch\u00e4lt ist, beginnt die schwei\u00dftreibende Reise zur Schlarper Kirche. Am 1.Mai fr\u00fch am Morgen schm\u00fccken wir den Baum mit Kreppband, einer selbstgebundenen Girlande und einem Kranz. Das Aufstellen des Baums wird jedes Jahr mit Spannung erwartet. Gl\u00fcckt die nicht ganz ungef\u00e4hrliche Aktion, genie\u00dfen die Schlarper bei Bratwurst, Erbsensuppe und Kuchen das traditionell gute Wetter. Auch das ein oder andere Kaltgetr\u00e4nk wird genossen.<\/p><h1><strong>Galerie<\/strong><\/h1><figure><a href=\"https:\/\/jc.schlarpe.de\/wp-content\/uploads\/2020\/04\/Ostern_2019_009-scaled.jpg\" data-attachment-id=\"302\"><img width=\"383\" height=\"250\" data-src-fg=\"https:\/\/jc.schlarpe.de\/wp-content\/uploads\/cache\/2020\/04\/Ostern_2019_009-scaled\/1989654367.jpg\" \/><\/a><figcaption><\/figcaption><\/figure><figure><a href=\"https:\/\/jc.schlarpe.de\/wp-content\/uploads\/2020\/04\/1.Mai_2017_003.jpg\" data-attachment-id=\"266\"><img width=\"165\" height=\"250\" data-src-fg=\"https:\/\/jc.schlarpe.de\/wp-content\/uploads\/cache\/2020\/04\/1_Mai_2017_003\/229417584.jpg\" \/><\/a><figcaption><\/figcaption><\/figure><figure><a href=\"https:\/\/jc.schlarpe.de\/wp-content\/uploads\/2020\/04\/Ostern_2011_001.jpg\" data-attachment-id=\"284\"><img width=\"384\" height=\"250\" data-src-fg=\"https:\/\/jc.schlarpe.de\/wp-content\/uploads\/cache\/2020\/04\/Ostern_2011_001\/4147052220.jpg\" \/><\/a><figcaption><\/figcaption><\/figure><figure><a href=\"https:\/\/jc.schlarpe.de\/wp-content\/uploads\/2020\/04\/Bosseln_2018_001-scaled.jpg\" data-attachment-id=\"273\"><img width=\"330\" height=\"250\" data-src-fg=\"https:\/\/jc.schlarpe.de\/wp-content\/uploads\/cache\/2020\/04\/Bosseln_2018_001-scaled\/1985538686.jpg\" \/><\/a><figcaption><\/figcaption><\/figure><figure><a href=\"https:\/\/jc.schlarpe.de\/wp-content\/uploads\/2020\/04\/HochzeitHenrik_2020_003-scaled.jpg\" data-attachment-id=\"281\"><img width=\"459\" height=\"250\" data-src-fg=\"https:\/\/jc.schlarpe.de\/wp-content\/uploads\/cache\/2020\/04\/HochzeitHenrik_2020_003-scaled\/847869141.jpg\" \/><\/a><figcaption><\/figcaption><\/figure><figure><a href=\"https:\/\/jc.schlarpe.de\/wp-content\/uploads\/2020\/04\/Ostern_2017_002-scaled.jpg\" data-attachment-id=\"290\"><img width=\"656\" height=\"250\" data-src-fg=\"https:\/\/jc.schlarpe.de\/wp-content\/uploads\/cache\/2020\/04\/Ostern_2017_002-scaled\/2615002962.jpg\" \/><\/a><figcaption><\/figcaption><\/figure><figure><a href=\"https:\/\/jc.schlarpe.de\/wp-content\/uploads\/2020\/04\/HochzeitMarv_2019_001-scaled.jpeg\" data-attachment-id=\"313\"><img width=\"333\" height=\"250\" data-src-fg=\"https:\/\/jc.schlarpe.de\/wp-content\/uploads\/cache\/2020\/04\/HochzeitMarv_2019_001-scaled\/941827482.jpeg\" \/><\/a><figcaption><\/figcaption><\/figure><figure><a href=\"https:\/\/jc.schlarpe.de\/wp-content\/uploads\/2020\/04\/1.Mai_2015_002-scaled.jpg\" data-attachment-id=\"263\"><img width=\"325\" height=\"250\" data-src-fg=\"https:\/\/jc.schlarpe.de\/wp-content\/uploads\/cache\/2020\/04\/1_Mai_2015_002-scaled\/888716543.jpg\" \/><\/a><figcaption><\/figcaption><\/figure><figure><a href=\"https:\/\/jc.schlarpe.de\/wp-content\/uploads\/2020\/04\/Ostern_2019_007.jpg\" data-attachment-id=\"300\"><img width=\"374\" height=\"250\" data-src-fg=\"https:\/\/jc.schlarpe.de\/wp-content\/uploads\/cache\/2020\/04\/Ostern_2019_007\/3961994166.jpg\" \/><\/a><figcaption><\/figcaption><\/figure><p><a role=\"button\" href=\"https:\/\/jc.schlarpe.de\/?page_id=58\"><br \/>Zur Vollst\u00e4ndigen Galerie&#8230;<br \/><\/a><\/p><h1><strong>JCS Lieder<\/strong><\/h1><p><a href=\"https:\/\/jc.schlarpe.de\/?page_id=373\/\"><br \/><img loading=\"lazy\" src=\"https:\/\/jc.schlarpe.de\/wp-content\/uploads\/2020\/04\/Notiz_SchoenIstDieJugend_ohnePins_300p.png\" sizes=\"(max-width: 334px) 100vw, 334px\" srcset=\"https:\/\/jc.schlarpe.de\/wp-content\/uploads\/2020\/04\/Notiz_SchoenIstDieJugend_ohnePins_300p.png 334w, https:\/\/jc.schlarpe.de\/wp-content\/uploads\/2020\/04\/Notiz_SchoenIstDieJugend_ohnePins_300p-300x269.png 300w, https:\/\/jc.schlarpe.de\/wp-content\/uploads\/2020\/04\/Notiz_SchoenIstDieJugend_ohnePins_300p-230x207.png 230w\" alt=\"\" width=\"334\" height=\"300\" \/> <\/a><br \/><a href=\"https:\/\/jc.schlarpe.de\/?page_id=397\"><br \/><img loading=\"lazy\" src=\"https:\/\/jc.schlarpe.de\/wp-content\/uploads\/2020\/04\/Notiz_BubVomRehbachtal_ohnePins_300p.png\" sizes=\"(max-width: 334px) 100vw, 334px\" srcset=\"https:\/\/jc.schlarpe.de\/wp-content\/uploads\/2020\/04\/Notiz_BubVomRehbachtal_ohnePins_300p.png 334w, https:\/\/jc.schlarpe.de\/wp-content\/uploads\/2020\/04\/Notiz_BubVomRehbachtal_ohnePins_300p-300x269.png 300w, https:\/\/jc.schlarpe.de\/wp-content\/uploads\/2020\/04\/Notiz_BubVomRehbachtal_ohnePins_300p-230x207.png 230w\" alt=\"\" width=\"334\" height=\"300\" \/> <\/a><br \/><a href=\"https:\/\/jc.schlarpe.de\/?page_id=384\"><br \/><img loading=\"lazy\" src=\"https:\/\/jc.schlarpe.de\/wp-content\/uploads\/2020\/04\/Notiz_EsScheintDerMondSoHell_ohnePins_300p.png\" sizes=\"(max-width: 334px) 100vw, 334px\" srcset=\"https:\/\/jc.schlarpe.de\/wp-content\/uploads\/2020\/04\/Notiz_EsScheintDerMondSoHell_ohnePins_300p.png 334w, https:\/\/jc.schlarpe.de\/wp-content\/uploads\/2020\/04\/Notiz_EsScheintDerMondSoHell_ohnePins_300p-300x269.png 300w, https:\/\/jc.schlarpe.de\/wp-content\/uploads\/2020\/04\/Notiz_EsScheintDerMondSoHell_ohnePins_300p-230x207.png 230w\" alt=\"\" width=\"334\" height=\"300\" \/> <\/a><\/p><h2>Unsere Freunde<\/h2><p><a href=\"http:\/\/schlarpe.de\/\" target=\"_blank\" rel=\"noopener noreferrer\"><br \/><img loading=\"lazy\" src=\"https:\/\/jc.schlarpe.de\/wp-content\/uploads\/2020\/04\/schlarpe_ohne_Hintergrund.png\" alt=\"\" width=\"123\" height=\"150\" \/> <\/a><\/p><p style=\"text-align: center;\"><a style=\"color: #333333;\" href=\"http:\/\/schlarpe.de\/\" target=\"_blank\" rel=\"noopener noreferrer\">Schlarpe<\/a><\/p><p><a href=\"https:\/\/www.dga-schlarpe.de\/\/\" target=\"_blank\" rel=\"noopener noreferrer\"><br \/><img loading=\"lazy\" src=\"https:\/\/jc.schlarpe.de\/wp-content\/uploads\/2020\/04\/Gemeinschaftliches_Schlarpe_150p.png\" alt=\"\" width=\"227\" height=\"150\" \/> <\/a><\/p><p style=\"text-align: center;\"><a style=\"color: #333333;\" href=\"https:\/\/www.dga-schlarpe.de\/\/\" target=\"_blank\" rel=\"noopener noreferrer\">Gemeinschaftliches Schlarpe e.V.<\/a><\/p><p><a href=\"https:\/\/e-auto.schlarpe.de\/page\/\" target=\"_blank\" rel=\"noopener noreferrer\"><br \/><img loading=\"lazy\" src=\"https:\/\/jc.schlarpe.de\/wp-content\/uploads\/2020\/04\/E-Mobilit\u00e4t_150p.png\" sizes=\"(max-width: 238px) 100vw, 238px\" srcset=\"https:\/\/jc.schlarpe.de\/wp-content\/uploads\/2020\/04\/E-Mobilit\u00e4t_150p.png 238w, https:\/\/jc.schlarpe.de\/wp-content\/uploads\/2020\/04\/E-Mobilit\u00e4t_150p-230x145.png 230w\" alt=\"\" width=\"238\" height=\"150\" \/> <\/a><\/p><p style=\"text-align: center;\"><a style=\"color: #333333;\" href=\"https:\/\/e-auto.schlarpe.de\/page\/\" target=\"_blank\" rel=\"noopener noreferrer\">E-Mobilit\u00e4t in Schlarpe<\/a><\/p><p><a href=\"http:\/\/schlarpe.de\/feuerwehr.htm\" target=\"_blank\" rel=\"noopener noreferrer\"><br \/><img loading=\"lazy\" src=\"https:\/\/jc.schlarpe.de\/wp-content\/uploads\/2020\/04\/Feuerwehr_150p.png\" alt=\"\" width=\"150\" height=\"150\" \/> <\/a><\/p><p style=\"text-align: center;\"><a style=\"color: #333333;\" href=\"http:\/\/schlarpe.de\/feuerwehr.htm\" target=\"_blank\" rel=\"noopener noreferrer\">Freiwillige Feuerwehr Schlarpe<\/a><\/p><p><a href=\"http:\/\/leguane.schlarpe.de\/myHome\/index\" target=\"_blank\" rel=\"noopener noreferrer\"><br \/><img loading=\"lazy\" src=\"https:\/\/jc.schlarpe.de\/wp-content\/uploads\/2020\/04\/Leguan_150p.png\" alt=\"\" width=\"206\" height=\"150\" \/> <\/a><\/p><p style=\"text-align: center;\"><a style=\"color: #333333;\" href=\"http:\/\/leguane.schlarpe.de\/myHome\/index\" target=\"_blank\" rel=\"noopener noreferrer\">Schlarper Leguane<\/a><\/p><p><a href=\"http:\/\/www.heimatverein-schlarpe.de\/\" target=\"_blank\" rel=\"noopener noreferrer\"><br \/><img loading=\"lazy\" src=\"https:\/\/jc.schlarpe.de\/wp-content\/uploads\/2020\/04\/HVS_150p.png\" alt=\"\" width=\"141\" height=\"150\" \/> <\/a><\/p><p style=\"text-align: center;\"><a style=\"color: #333333;\" href=\"http:\/\/www.heimatverein-schlarpe.de\/\" target=\"_blank\" rel=\"noopener noreferrer\">Heimatverein Schlarpe e.V.<\/a><\/p><p><a href=\"https:\/\/www.bollensen.de\/junggesellenclub\/mitglieder.html\" target=\"_blank\" rel=\"noopener noreferrer\"><br \/><img loading=\"lazy\" src=\"https:\/\/jc.schlarpe.de\/wp-content\/uploads\/2020\/04\/BJC_Bollensen_150p.png\" alt=\"\" width=\"118\" height=\"150\" \/> <\/a><\/p><p style=\"text-align: center;\"><a style=\"color: #333333;\" href=\"https:\/\/www.bollensen.de\/junggesellenclub\/mitglieder.html\" target=\"_blank\" rel=\"noopener noreferrer\">Bollensener Junggesellen e.V.<\/a><\/p><p><a href=\"https:\/\/jc-fidelia.jimdofree.com\/\" target=\"_blank\" rel=\"noopener noreferrer\"><br \/><img loading=\"lazy\" src=\"https:\/\/jc.schlarpe.de\/wp-content\/uploads\/2020\/04\/JC_Fidelia_Heisebeck_150p.png\" alt=\"\" width=\"143\" height=\"150\" \/> <\/a><\/p><p style=\"text-align: center;\"><a href=\"https:\/\/jc-fidelia.jimdofree.com\/\" target=\"_blank\" rel=\"noopener noreferrer\">JC Fidelia Heisebeck<\/a><\/p><p><a href=\"https:\/\/jgv-mengo.jimdofree.com\/\" target=\"_blank\" rel=\"noopener noreferrer\"><br \/><img loading=\"lazy\" src=\"https:\/\/jc.schlarpe.de\/wp-content\/uploads\/2020\/04\/JGV_Mengershausen_150p.png\" alt=\"\" width=\"135\" height=\"150\" \/> <\/a><\/p><p style=\"text-align: center;\"><a style=\"color: #333333;\" href=\"https:\/\/jgv-mengo.jimdofree.com\/\" target=\"_blank\" rel=\"noopener noreferrer\">JGV Mengershausen<\/a><\/p><h2>Rechtliches:<\/h2><h2><a href=\"https:\/\/jc.schlarpe.de\/?page_id=43\">Impressum<\/a><\/h2><h2><a href=\"https:\/\/jc.schlarpe.de\/?page_id=3\">Datenschutzerkl\u00e4rung<\/a><\/h2><h2>Social Media:<\/h2><p><a href=\"https:\/\/de-de.facebook.com\/pages\/category\/Cause\/Junggesellenclub-Schlarpe-602314623129903\/\"><br \/><\/a><br \/><a href=\"https:\/\/instagram.com\/jcs_schlarpe?igshid=13vt5zlwf0p9r\"><br \/><\/a><\/p><\/div>\n\t\t\t\t<\/div>\n\t\t\t\t<\/div>\n\t\t\t\t\t\t<\/div>\n\t\t\t\t\t<\/div>\n\t\t<\/div>\n\t\t\t\t\t\t\t\t<\/div>\n\t\t\t\t\t<\/div>\n\t\t<\/section>\n\t\t\t\t\t\t<\/div>\n\t\t\t\t\t\t<\/div>\n\t\t\t\t\t<\/div>\n\t\t","protected":false},"excerpt":{"rendered":"<p>Der Vorstand 1. Vorsitzender Niklas Steckel\ud83d\udcde+49 (0) 176 39803259 2. Vorsitzender Tim Wilke\ud83d\udcde+49 (0) 170 1091710 Kassenwart Janne Krimmling \ud83d\udcde+49 (0) 1575 5581564 Schriftf\u00fchrer Jannis Steckel \ud83d\udcde+49 (0) 157 89735140 \u00a0 Vorstand&#8230; Satzung&#8230; Ostern Das Osterfeuer ist zweifelsohne das Ereignis des Jahres f\u00fcr den gesamten Club. Fr\u00fcher waren die Konfirmanden aus Schlarpe f\u00fcr den Aufbau [&hellip;]<\/p>\n","protected":false},"author":2,"featured_media":0,"parent":0,"menu_order":0,"comment_status":"closed","ping_status":"closed","template":"","meta":[],"_links":{"self":[{"href":"https:\/\/jc.schlarpe.de\/index.php?rest_route=\/wp\/v2\/pages\/148"}],"collection":[{"href":"https:\/\/jc.schlarpe.de\/index.php?rest_route=\/wp\/v2\/pages"}],"about":[{"href":"https:\/\/jc.schlarpe.de\/index.php?rest_route=\/wp\/v2\/types\/page"}],"author":[{"embeddable":true,"href":"https:\/\/jc.schlarpe.de\/index.php?rest_route=\/wp\/v2\/users\/2"}],"replies":[{"embeddable":true,"href":"https:\/\/jc.schlarpe.de\/index.php?rest_route=%2Fwp%2Fv2%2Fcomments&post=148"}],"version-history":[{"count":190,"href":"https:\/\/jc.schlarpe.de\/index.php?rest_route=\/wp\/v2\/pages\/148\/revisions"}],"predecessor-version":[{"id":835,"href":"https:\/\/jc.schlarpe.de\/index.php?rest_route=\/wp\/v2\/pages\/148\/revisions\/835"}],"wp:attachment":[{"href":"https:\/\/jc.schlarpe.de\/index.php?rest_route=%2Fwp%2Fv2%2Fmedia&parent=148"}],"curies":[{"name":"wp","href":"https:\/\/api.w.org\/{rel}","templated":true}]}}