{"id":110,"date":"2020-03-22T11:38:09","date_gmt":"2020-03-22T10:38:09","guid":{"rendered":"https:\/\/jc.schlarpe.de\/?page_id=110"},"modified":"2023-03-12T14:27:17","modified_gmt":"2023-03-12T13:27:17","slug":"der-vorstand","status":"publish","type":"page","link":"https:\/\/jc.schlarpe.de\/?page_id=110","title":{"rendered":"Der Vorstand des JCS seit Gr\u00fcndung 1973"},"content":{"rendered":"\t\t<div data-elementor-type=\"wp-page\" data-elementor-id=\"110\" class=\"elementor elementor-110\" data-elementor-settings=\"[]\">\n\t\t\t\t\t\t<div class=\"elementor-inner\">\n\t\t\t\t\t\t\t<div class=\"elementor-section-wrap\">\n\t\t\t\t\t\t\t<section class=\"elementor-section elementor-top-section elementor-element elementor-element-28cf4fc0 elementor-section-boxed elementor-section-height-default elementor-section-height-default\" data-id=\"28cf4fc0\" data-element_type=\"section\" data-settings=\"{&quot;background_background&quot;:&quot;classic&quot;}\">\n\t\t\t\t\t\t<div class=\"elementor-container elementor-column-gap-default\">\n\t\t\t\t\t\t\t<div class=\"elementor-row\">\n\t\t\t\t\t<div class=\"elementor-column elementor-col-100 elementor-top-column elementor-element elementor-element-6d4e4bd8\" data-id=\"6d4e4bd8\" data-element_type=\"column\">\n\t\t\t<div class=\"elementor-column-wrap elementor-element-populated\">\n\t\t\t\t\t\t\t<div class=\"elementor-widget-wrap\">\n\t\t\t\t\t\t<div class=\"elementor-element elementor-element-3e2c702 elementor-widget elementor-widget-heading\" data-id=\"3e2c702\" data-element_type=\"widget\" data-widget_type=\"heading.default\">\n\t\t\t\t<div class=\"elementor-widget-container\">\n\t\t\t<h2 class=\"elementor-heading-title elementor-size-default\">Der Vorstand des JCS seit Gr\u00fcndung 1973<\/h2>\t\t<\/div>\n\t\t\t\t<\/div>\n\t\t\t\t<div class=\"elementor-element elementor-element-7ab68910 elementor-widget elementor-widget-text-editor\" data-id=\"7ab68910\" data-element_type=\"widget\" data-widget_type=\"text-editor.default\">\n\t\t\t\t<div class=\"elementor-widget-container\">\n\t\t\t\t\t<div class=\"elementor-text-editor elementor-clearfix\"><!-- wp:group -->\n<div class=\"wp-block-group\">\n<div class=\"wp-block-group__inner-container\">\u00a0<\/div>\n<\/div>\n<!-- \/wp:group --><!-- wp:table {\"backgroundColor\":\"subtle-light-gray\",\"align\":\"wide\",\"className\":\"is-style-regular\"} -->\n<figure class=\"wp-block-table alignwide is-style-regular\">\n<table class=\"has-subtle-light-gray-background-color has-background\">\n<thead>\n<tr>\n<th class=\"has-text-align-center\" data-align=\"center\">Jahr<\/th>\n<th class=\"has-text-align-center\" data-align=\"center\">1. Vorsitz<\/th>\n<th class=\"has-text-align-center\" data-align=\"center\">2. Vorsitz<\/th>\n<th class=\"has-text-align-center\" data-align=\"center\">Kassenwart<\/th>\n<th class=\"has-text-align-center\" data-align=\"center\">Schiftf\u00fchrer<\/th>\n<\/tr>\n<\/thead>\n<tbody>\n<tr>\n<td class=\"has-text-align-center\" data-align=\"center\">2023<\/td>\n<td class=\"has-text-align-center\" data-align=\"center\">Niklas Steckel<\/td>\n<td class=\"has-text-align-center\" data-align=\"center\">Tim Wilke<\/td>\n<td class=\"has-text-align-center\" data-align=\"center\">Janne Krimmling<\/td>\n<td class=\"has-text-align-center\" data-align=\"center\">Leon Schmitt<\/td>\n<\/tr>\n<tr>\n<td class=\"has-text-align-center\" data-align=\"center\">2022<\/td>\n<td class=\"has-text-align-center\" data-align=\"center\">Jan Zufu\u00df<\/td>\n<td class=\"has-text-align-center\" data-align=\"center\">Niklas Steckel<\/td>\n<td class=\"has-text-align-center\" data-align=\"center\">Dennis Pietsch<\/td>\n<td class=\"has-text-align-center\" data-align=\"center\">Jacob Kulla<\/td>\n<\/tr>\n<tr>\n<td class=\"has-text-align-center\" data-align=\"center\">2021<\/td>\n<td class=\"has-text-align-center\" data-align=\"center\">Jan Zufu\u00df<\/td>\n<td class=\"has-text-align-center\" data-align=\"center\">Niklas Steckel<\/td>\n<td class=\"has-text-align-center\" data-align=\"center\">Dennis Pietsch<\/td>\n<td class=\"has-text-align-center\" data-align=\"center\">Jannik Neumann<\/td>\n<\/tr>\n<tr>\n<td class=\"has-text-align-center\" data-align=\"center\">2020<\/td>\n<td class=\"has-text-align-center\" data-align=\"center\">Jan Zufu\u00df<\/td>\n<td class=\"has-text-align-center\" data-align=\"center\">Niklas Steckel<\/td>\n<td class=\"has-text-align-center\" data-align=\"center\">Dennis Pietsch<\/td>\n<td class=\"has-text-align-center\" data-align=\"center\">Jannik Neumann<\/td>\n<\/tr>\n<tr>\n<td class=\"has-text-align-center\" data-align=\"center\">2019<\/td>\n<td class=\"has-text-align-center\" data-align=\"center\">Jan Zufu\u00df<\/td>\n<td class=\"has-text-align-center\" data-align=\"center\">Niklas Steckel<\/td>\n<td class=\"has-text-align-center\" data-align=\"center\">Dennis Pietsch<\/td>\n<td class=\"has-text-align-center\" data-align=\"center\">Jannik Neumann<\/td>\n<\/tr>\n<tr>\n<td class=\"has-text-align-center\" data-align=\"center\">2018<\/td>\n<td class=\"has-text-align-center\" data-align=\"center\">Jan Zufu\u00df<\/td>\n<td class=\"has-text-align-center\" data-align=\"center\">Fabian Becker<\/td>\n<td class=\"has-text-align-center\" data-align=\"center\">Dennis Pietsch<\/td>\n<td class=\"has-text-align-center\" data-align=\"center\">Niklas Steckel<\/td>\n<\/tr>\n<tr>\n<td class=\"has-text-align-center\" data-align=\"center\">2017<\/td>\n<td class=\"has-text-align-center\" data-align=\"center\">Jan Zufu\u00df<\/td>\n<td class=\"has-text-align-center\" data-align=\"center\">Fabian Becker<\/td>\n<td class=\"has-text-align-center\" data-align=\"center\">Dennis Pietsch<\/td>\n<td class=\"has-text-align-center\" data-align=\"center\">Niklas Steckel<\/td>\n<\/tr>\n<tr>\n<td class=\"has-text-align-center\" data-align=\"center\">2016<\/td>\n<td class=\"has-text-align-center\" data-align=\"center\">Jan Zufu\u00df<\/td>\n<td class=\"has-text-align-center\" data-align=\"center\">Hendrik Bode<\/td>\n<td class=\"has-text-align-center\" data-align=\"center\">Dennis Pietsch<\/td>\n<td class=\"has-text-align-center\" data-align=\"center\">Kevin Decker<\/td>\n<\/tr>\n<tr>\n<td class=\"has-text-align-center\" data-align=\"center\">2015<\/td>\n<td class=\"has-text-align-center\" data-align=\"center\">Jan Zufu\u00df<\/td>\n<td class=\"has-text-align-center\" data-align=\"center\">Patrick Rothenberg<\/td>\n<td class=\"has-text-align-center\" data-align=\"center\">Dennis Pietsch<\/td>\n<td class=\"has-text-align-center\" data-align=\"center\">Hendrik Bode<\/td>\n<\/tr>\n<tr>\n<td class=\"has-text-align-center\" data-align=\"center\">2014<\/td>\n<td class=\"has-text-align-center\" data-align=\"center\">Marc Wunderlich<\/td>\n<td class=\"has-text-align-center\" data-align=\"center\">Marvin Schulze<\/td>\n<td class=\"has-text-align-center\" data-align=\"center\">Dennis Pietsch<\/td>\n<td class=\"has-text-align-center\" data-align=\"center\">Hendrik Bode<\/td>\n<\/tr>\n<tr>\n<td class=\"has-text-align-center\" data-align=\"center\">2013<\/td>\n<td class=\"has-text-align-center\" data-align=\"center\">Marc Wunderlich<\/td>\n<td class=\"has-text-align-center\" data-align=\"center\">Marvin Schulze<\/td>\n<td class=\"has-text-align-center\" data-align=\"center\">Dennis Pietsch<\/td>\n<td class=\"has-text-align-center\" data-align=\"center\">Markus Ahrend<\/td>\n<\/tr>\n<tr>\n<td class=\"has-text-align-center\" data-align=\"center\">2012<\/td>\n<td class=\"has-text-align-center\" data-align=\"center\">Alexander Ruwisch<\/td>\n<td class=\"has-text-align-center\" data-align=\"center\">Henry Dormann, <br \/>Jan Bode<\/td>\n<td class=\"has-text-align-center\" data-align=\"center\">Dennis Pietsch<\/td>\n<td class=\"has-text-align-center\" data-align=\"center\">Markus Ahrend<\/td>\n<\/tr>\n<tr>\n<td class=\"has-text-align-center\" data-align=\"center\">2011<\/td>\n<td class=\"has-text-align-center\" data-align=\"center\">Alexander Ruwisch<\/td>\n<td class=\"has-text-align-center\" data-align=\"center\">Marvin Schulze, <br \/>Jan Bode<\/td>\n<td class=\"has-text-align-center\" data-align=\"center\">Dennis Pietsch<\/td>\n<td class=\"has-text-align-center\" data-align=\"center\">Henrik Wielert<\/td>\n<\/tr>\n<tr>\n<td class=\"has-text-align-center\" data-align=\"center\">2010<\/td>\n<td class=\"has-text-align-center\" data-align=\"center\">Christian Schneider<\/td>\n<td class=\"has-text-align-center\" data-align=\"center\">Marvin Schulze, <br \/>Alexander Ruwisch<\/td>\n<td class=\"has-text-align-center\" data-align=\"center\">Steffen Schneider<\/td>\n<td class=\"has-text-align-center\" data-align=\"center\">Markus Ahrend<\/td>\n<\/tr>\n<tr>\n<td class=\"has-text-align-center\" data-align=\"center\">2009<\/td>\n<td class=\"has-text-align-center\" data-align=\"center\">Henry Dormann<\/td>\n<td class=\"has-text-align-center\" data-align=\"center\">Marvin Schulze, <br \/>Alexander Ruwisch<\/td>\n<td class=\"has-text-align-center\" data-align=\"center\">Steffen Schneider<\/td>\n<td class=\"has-text-align-center\" data-align=\"center\">Markus Ahrend<\/td>\n<\/tr>\n<tr>\n<td class=\"has-text-align-center\" data-align=\"center\">2008<\/td>\n<td class=\"has-text-align-center\" data-align=\"center\">Henry Dormann<\/td>\n<td class=\"has-text-align-center\" data-align=\"center\">Marvin Schulze, <br \/>Jens Bergner<\/td>\n<td class=\"has-text-align-center\" data-align=\"center\">Steffen Schneider<\/td>\n<td class=\"has-text-align-center\" data-align=\"center\">Markus Ahrend<\/td>\n<\/tr>\n<tr>\n<td class=\"has-text-align-center\" data-align=\"center\">2007<\/td>\n<td class=\"has-text-align-center\" data-align=\"center\">Marc Wunderlich<\/td>\n<td class=\"has-text-align-center\" data-align=\"center\">Tobias Schneider, <br \/>Henrik Schwarz<\/td>\n<td class=\"has-text-align-center\" data-align=\"center\">Daniel Striegan<\/td>\n<td class=\"has-text-align-center\" data-align=\"center\">Tiemo Jeromin<\/td>\n<\/tr>\n<tr>\n<td class=\"has-text-align-center\" data-align=\"center\">2006<\/td>\n<td class=\"has-text-align-center\" data-align=\"center\">Michael Obermann<\/td>\n<td class=\"has-text-align-center\" data-align=\"center\">Tobias Schneider<\/td>\n<td class=\"has-text-align-center\" data-align=\"center\">Daniel Striegan<\/td>\n<td class=\"has-text-align-center\" data-align=\"center\">Marvin Schulze<\/td>\n<\/tr>\n<tr>\n<td class=\"has-text-align-center\" data-align=\"center\">2005<\/td>\n<td class=\"has-text-align-center\" data-align=\"center\">Marc Wunderlich<\/td>\n<td class=\"has-text-align-center\" data-align=\"center\">Jens Bergner<\/td>\n<td class=\"has-text-align-center\" data-align=\"center\">Daniel Striegan<\/td>\n<td class=\"has-text-align-center\" data-align=\"center\">S\u00f6ren Hennecke<\/td>\n<\/tr>\n<tr>\n<td class=\"has-text-align-center\" data-align=\"center\">2004<\/td>\n<td class=\"has-text-align-center\" data-align=\"center\">Marc Wunderlich<\/td>\n<td class=\"has-text-align-center\" data-align=\"center\">Lars R\u00f6der<\/td>\n<td class=\"has-text-align-center\" data-align=\"center\">Daniel Striegan<\/td>\n<td class=\"has-text-align-center\" data-align=\"center\">S\u00f6ren Hennecke<\/td>\n<\/tr>\n<tr>\n<td class=\"has-text-align-center\" data-align=\"center\">2003<\/td>\n<td class=\"has-text-align-center\" data-align=\"center\">Michael Obermann<\/td>\n<td class=\"has-text-align-center\" data-align=\"center\">Martin Schneider, <br \/>Mark Schmitt<\/td>\n<td class=\"has-text-align-center\" data-align=\"center\">Christian D\u00f6rnte<\/td>\n<td class=\"has-text-align-center\" data-align=\"center\">Marc Wunderlich<\/td>\n<\/tr>\n<tr>\n<td class=\"has-text-align-center\" data-align=\"center\">2002<\/td>\n<td class=\"has-text-align-center\" data-align=\"center\">Tobias Schneider<\/td>\n<td class=\"has-text-align-center\" data-align=\"center\">Jens Bergner<\/td>\n<td class=\"has-text-align-center\" data-align=\"center\">Christian D\u00f6rnte<\/td>\n<td class=\"has-text-align-center\" data-align=\"center\">Marc Wunderlich<\/td>\n<\/tr>\n<tr>\n<td class=\"has-text-align-center\" data-align=\"center\">2001<\/td>\n<td class=\"has-text-align-center\" data-align=\"center\">Tobias Schneider<\/td>\n<td class=\"has-text-align-center\" data-align=\"center\">Michael Obermann<\/td>\n<td class=\"has-text-align-center\" data-align=\"center\">Michael Kirchhoff<\/td>\n<td class=\"has-text-align-center\" data-align=\"center\">Marcus B\u00f6ttcher<\/td>\n<\/tr>\n<tr>\n<td class=\"has-text-align-center\" data-align=\"center\">2000<\/td>\n<td class=\"has-text-align-center\" data-align=\"center\">Mark Schmitt<\/td>\n<td class=\"has-text-align-center\" data-align=\"center\">Martin Schneider<\/td>\n<td class=\"has-text-align-center\" data-align=\"center\">Thomas Hilke<\/td>\n<td class=\"has-text-align-center\" data-align=\"center\">Stefan Schneider<\/td>\n<\/tr>\n<tr>\n<td class=\"has-text-align-center\" data-align=\"center\">1999<\/td>\n<td class=\"has-text-align-center\" data-align=\"center\">Martin Schneider<\/td>\n<td class=\"has-text-align-center\" data-align=\"center\">Michael St\u00e4nger<\/td>\n<td class=\"has-text-align-center\" data-align=\"center\">Michael Kirchhoff<\/td>\n<td class=\"has-text-align-center\" data-align=\"center\">Christian Guse<\/td>\n<\/tr>\n<tr>\n<td class=\"has-text-align-center\" data-align=\"center\">1998<\/td>\n<td class=\"has-text-align-center\" data-align=\"center\">Stephan Hennecke<\/td>\n<td class=\"has-text-align-center\" data-align=\"center\">Michael St\u00e4nger<\/td>\n<td class=\"has-text-align-center\" data-align=\"center\">Michael Kirchhoff<\/td>\n<td class=\"has-text-align-center\" data-align=\"center\">Christian Guse<\/td>\n<\/tr>\n<tr>\n<td class=\"has-text-align-center\" data-align=\"center\">1997<\/td>\n<td class=\"has-text-align-center\" data-align=\"center\">Mark Schmitt<\/td>\n<td class=\"has-text-align-center\" data-align=\"center\">Michael Obermann<\/td>\n<td class=\"has-text-align-center\" data-align=\"center\">Michael Kirchhoff<\/td>\n<td class=\"has-text-align-center\" data-align=\"center\">Christian Guse<\/td>\n<\/tr>\n<tr>\n<td class=\"has-text-align-center\" data-align=\"center\">1996<\/td>\n<td class=\"has-text-align-center\" data-align=\"center\">Mark Schmitt<\/td>\n<td class=\"has-text-align-center\" data-align=\"center\">Stefan Schneider<\/td>\n<td class=\"has-text-align-center\" data-align=\"center\">Martin Schneider<\/td>\n<td class=\"has-text-align-center\" data-align=\"center\">Michael St\u00e4nger<\/td>\n<\/tr>\n<tr>\n<td class=\"has-text-align-center\" data-align=\"center\">1995<\/td>\n<td class=\"has-text-align-center\" data-align=\"center\">Mark Schmitt<\/td>\n<td class=\"has-text-align-center\" data-align=\"center\">Stefan Schneider<\/td>\n<td class=\"has-text-align-center\" data-align=\"center\">Michael Kirchhoff<\/td>\n<td class=\"has-text-align-center\" data-align=\"center\">Armin Kassau<\/td>\n<\/tr>\n<tr>\n<td class=\"has-text-align-center\" data-align=\"center\">1994<\/td>\n<td class=\"has-text-align-center\" data-align=\"center\">Mark Schmitt<\/td>\n<td class=\"has-text-align-center\" data-align=\"center\">Michael St\u00e4nger<\/td>\n<td class=\"has-text-align-center\" data-align=\"center\">Stefan Schneider<\/td>\n<td class=\"has-text-align-center\" data-align=\"center\">Armin Kassau<\/td>\n<\/tr>\n<tr>\n<td class=\"has-text-align-center\" data-align=\"center\">1993<\/td>\n<td class=\"has-text-align-center\" data-align=\"center\">Stephan Hennecke<\/td>\n<td class=\"has-text-align-center\" data-align=\"center\">Michael St\u00e4nger<\/td>\n<td class=\"has-text-align-center\" data-align=\"center\">Michael Kirchhoff<\/td>\n<td class=\"has-text-align-center\" data-align=\"center\">Stefan Schneider<\/td>\n<\/tr>\n<tr>\n<td class=\"has-text-align-center\" data-align=\"center\">1992<\/td>\n<td class=\"has-text-align-center\" data-align=\"center\">Mark Schmitt<\/td>\n<td class=\"has-text-align-center\" data-align=\"center\">Armin Kassau<\/td>\n<td class=\"has-text-align-center\" data-align=\"center\">Michael Kirchhoff<\/td>\n<td class=\"has-text-align-center\" data-align=\"center\">Stefan Schneider<\/td>\n<\/tr>\n<tr>\n<td class=\"has-text-align-center\" data-align=\"center\">1991<\/td>\n<td class=\"has-text-align-center\" data-align=\"center\">Stephan Hennecke<\/td>\n<td class=\"has-text-align-center\" data-align=\"center\">Michael St\u00e4nger<\/td>\n<td class=\"has-text-align-center\" data-align=\"center\">Michael Kirchhoff<\/td>\n<td class=\"has-text-align-center\" data-align=\"center\">Andre Steckel<\/td>\n<\/tr>\n<tr>\n<td class=\"has-text-align-center\" data-align=\"center\">1990<\/td>\n<td class=\"has-text-align-center\" data-align=\"center\">Matthias St\u00fcnkel<\/td>\n<td class=\"has-text-align-center\" data-align=\"center\">Michael St\u00e4nger<\/td>\n<td class=\"has-text-align-center\" data-align=\"center\">J\u00f6rg Decker, <br \/>Dirk Hennecke<\/td>\n<td class=\"has-text-align-center\" data-align=\"center\">Stephan Hennecke, <br \/>Eckhardt Herbst<\/td>\n<\/tr>\n<tr>\n<td class=\"has-text-align-center\" data-align=\"center\">1989<\/td>\n<td class=\"has-text-align-center\" data-align=\"center\">Stephan Hennecke<\/td>\n<td class=\"has-text-align-center\" data-align=\"center\">Andreas Kerl<\/td>\n<td class=\"has-text-align-center\" data-align=\"center\">Dirk Hennecke<\/td>\n<td class=\"has-text-align-center\" data-align=\"center\">Michael Steckel<\/td>\n<\/tr>\n<tr>\n<td class=\"has-text-align-center\" data-align=\"center\">1988<\/td>\n<td class=\"has-text-align-center\" data-align=\"center\">Stephan Hennecke<\/td>\n<td class=\"has-text-align-center\" data-align=\"center\">Stefan St\u00e4nger<\/td>\n<td class=\"has-text-align-center\" data-align=\"center\">Matthias St\u00fcnkel<\/td>\n<td class=\"has-text-align-center\" data-align=\"center\">Michael Steckel<\/td>\n<\/tr>\n<tr>\n<td class=\"has-text-align-center\" data-align=\"center\">1987<\/td>\n<td class=\"has-text-align-center\" data-align=\"center\">Stephan Hennecke<\/td>\n<td class=\"has-text-align-center\" data-align=\"center\">Thorsten M\u00f6hlenhoff<\/td>\n<td class=\"has-text-align-center\" data-align=\"center\">J\u00f6rg Decker<\/td>\n<td class=\"has-text-align-center\" data-align=\"center\">Michael Steckel<\/td>\n<\/tr>\n<tr>\n<td class=\"has-text-align-center\" data-align=\"center\">1986<\/td>\n<td class=\"has-text-align-center\" data-align=\"center\">Andreas St\u00e4nger<\/td>\n<td class=\"has-text-align-center\" data-align=\"center\">Thorsten M\u00f6hlenhoff<\/td>\n<td class=\"has-text-align-center\" data-align=\"center\">J\u00f6rg Decker<\/td>\n<td class=\"has-text-align-center\" data-align=\"center\">Stephan Hennecke<\/td>\n<\/tr>\n<tr>\n<td class=\"has-text-align-center\" data-align=\"center\">1985<\/td>\n<td class=\"has-text-align-center\" data-align=\"center\">Andreas St\u00e4nger<\/td>\n<td class=\"has-text-align-center\" data-align=\"center\">J\u00f6rg G\u00fcllenbeck<\/td>\n<td class=\"has-text-align-center\" data-align=\"center\">Andreas Korte<\/td>\n<td class=\"has-text-align-center\" data-align=\"center\">Stephan Hennecke<\/td>\n<\/tr>\n<tr>\n<td class=\"has-text-align-center\" data-align=\"center\">1984<\/td>\n<td class=\"has-text-align-center\" data-align=\"center\">Andreas St\u00e4nger<\/td>\n<td class=\"has-text-align-center\" data-align=\"center\">J\u00f6rg G\u00fcllenbeck<\/td>\n<td class=\"has-text-align-center\" data-align=\"center\">Andreas Korte<\/td>\n<td class=\"has-text-align-center\" data-align=\"center\">Thorsten M\u00f6hlenhoff<\/td>\n<\/tr>\n<tr>\n<td class=\"has-text-align-center\" data-align=\"center\">1983<\/td>\n<td class=\"has-text-align-center\" data-align=\"center\">Burkhard Hartmann<\/td>\n<td class=\"has-text-align-center\" data-align=\"center\">J\u00f6rg G\u00fcllenbeck<\/td>\n<td class=\"has-text-align-center\" data-align=\"center\">Thomas Kleine<\/td>\n<td class=\"has-text-align-center\" data-align=\"center\">Andreas St\u00e4nger<\/td>\n<\/tr>\n<tr>\n<td class=\"has-text-align-center\" data-align=\"center\">1982<\/td>\n<td class=\"has-text-align-center\" data-align=\"center\">Andreas Kerl<\/td>\n<td class=\"has-text-align-center\" data-align=\"center\">J\u00f6rg G\u00fcllenbeck<\/td>\n<td class=\"has-text-align-center\" data-align=\"center\">Thomas Kleine<\/td>\n<td class=\"has-text-align-center\" data-align=\"center\">Burkhard Hartmann<\/td>\n<\/tr>\n<tr>\n<td class=\"has-text-align-center\" data-align=\"center\">1981<\/td>\n<td class=\"has-text-align-center\" data-align=\"center\">Burkhard Hartmann<\/td>\n<td class=\"has-text-align-center\" data-align=\"center\">Michael Werner<\/td>\n<td class=\"has-text-align-center\" data-align=\"center\">Andreas Ruwisch<\/td>\n<td class=\"has-text-align-center\" data-align=\"center\">Hans J\u00fcrgen Wiczynski<\/td>\n<\/tr>\n<tr>\n<td class=\"has-text-align-center\" data-align=\"center\">1980<\/td>\n<td class=\"has-text-align-center\" data-align=\"center\">Burkhard Hartmann<\/td>\n<td class=\"has-text-align-center\" data-align=\"center\">Hans J\u00fcrgen Wiczynski<\/td>\n<td class=\"has-text-align-center\" data-align=\"center\">Andreas Ruwisch<\/td>\n<td class=\"has-text-align-center\" data-align=\"center\">Uwe Meyer<\/td>\n<\/tr>\n<tr>\n<td class=\"has-text-align-center\" data-align=\"center\">1979<\/td>\n<td class=\"has-text-align-center\" data-align=\"center\">Burkhard Hartmann<\/td>\n<td class=\"has-text-align-center\" data-align=\"center\">Hans J\u00fcrgen Wiczynski<\/td>\n<td class=\"has-text-align-center\" data-align=\"center\">Burkhard Wiczynski<\/td>\n<td class=\"has-text-align-center\" data-align=\"center\">Bernd Sprenger<\/td>\n<\/tr>\n<tr>\n<td class=\"has-text-align-center\" data-align=\"center\">1978<\/td>\n<td class=\"has-text-align-center\" data-align=\"center\">Burkhard Hartmann<\/td>\n<td class=\"has-text-align-center\" data-align=\"center\">Bernd Elias<\/td>\n<td class=\"has-text-align-center\" data-align=\"center\">Hubert Hamel<\/td>\n<td class=\"has-text-align-center\" data-align=\"center\">Meinhard Pietsch<\/td>\n<\/tr>\n<tr>\n<td class=\"has-text-align-center\" data-align=\"center\">1977<\/td>\n<td class=\"has-text-align-center\" data-align=\"center\">Dirk K\u00fchn<\/td>\n<td class=\"has-text-align-center\" data-align=\"center\">Michael Hilgendag<\/td>\n<td class=\"has-text-align-center\" data-align=\"center\">Bernd Elias<\/td>\n<td class=\"has-text-align-center\" data-align=\"center\">Ralf Hilgendag<\/td>\n<\/tr>\n<tr>\n<td class=\"has-text-align-center\" data-align=\"center\">1976<\/td>\n<td class=\"has-text-align-center\" data-align=\"center\">Harald Korte<\/td>\n<td class=\"has-text-align-center\" data-align=\"center\">Ottmar Biermann<\/td>\n<td class=\"has-text-align-center\" data-align=\"center\">Friedbert Wielert<\/td>\n<td class=\"has-text-align-center\" data-align=\"center\">Hans J\u00fcrgen Decker<\/td>\n<\/tr>\n<tr>\n<td class=\"has-text-align-center\" data-align=\"center\">1975<\/td>\n<td class=\"has-text-align-center\" data-align=\"center\">Rolf Schneider<\/td>\n<td class=\"has-text-align-center\" data-align=\"center\">Harald Korte<\/td>\n<td class=\"has-text-align-center\" data-align=\"center\">Bernd Elias<\/td>\n<td class=\"has-text-align-center\" data-align=\"center\">Uwe K\u00fchn<\/td>\n<\/tr>\n<tr>\n<td class=\"has-text-align-center\" data-align=\"center\">1974<\/td>\n<td class=\"has-text-align-center\" data-align=\"center\">Berthold Ruwisch<\/td>\n<td class=\"has-text-align-center\" data-align=\"center\">Ottmar Biermann<\/td>\n<td class=\"has-text-align-center\" data-align=\"center\">Friedbert Wielert<\/td>\n<td class=\"has-text-align-center\" data-align=\"center\">Harald Korte,<br \/>Lothar Ahrend<\/td>\n<\/tr>\n<tr>\n<td class=\"has-text-align-center\" data-align=\"center\">1973<\/td>\n<td class=\"has-text-align-center\" data-align=\"center\">Berthold Ruwisch<\/td>\n<td class=\"has-text-align-center\" data-align=\"center\">Ottmar Biermann<\/td>\n<td class=\"has-text-align-center\" data-align=\"center\">Friedbert Wielert<\/td>\n<td class=\"has-text-align-center\" data-align=\"center\">Rolf G\u00fcllenbeck<\/td>\n<\/tr>\n<\/tbody>\n<\/table>\n<\/figure>\n<!-- \/wp:table --><!-- wp:paragraph -->\n<p>\u00a0<\/p>\n<!-- \/wp:paragraph --><\/div>\n\t\t\t\t<\/div>\n\t\t\t\t<\/div>\n\t\t\t\t\t\t<\/div>\n\t\t\t\t\t<\/div>\n\t\t<\/div>\n\t\t\t\t\t\t\t\t<\/div>\n\t\t\t\t\t<\/div>\n\t\t<\/section>\n\t\t\t\t\t\t<\/div>\n\t\t\t\t\t\t<\/div>\n\t\t\t\t\t<\/div>\n\t\t","protected":false},"excerpt":{"rendered":"<p>Der Vorstand des JCS seit Gr\u00fcndung 1973 Jahr 1. Vorsitz 2. Vorsitz Kassenwart Schiftf\u00fchrer 2023 Niklas Steckel Tim Wilke Janne Krimmling Leon Schmitt 2022 Jan Zufu\u00df Niklas Steckel Dennis Pietsch Jacob Kulla 2021 Jan Zufu\u00df Niklas Steckel Dennis Pietsch Jannik Neumann 2020 Jan Zufu\u00df Niklas Steckel Dennis Pietsch Jannik Neumann 2019 Jan Zufu\u00df Niklas Steckel [&hellip;]<\/p>\n","protected":false},"author":3,"featured_media":0,"parent":0,"menu_order":0,"comment_status":"closed","ping_status":"closed","template":"page-templates\/page_fullwidth.php","meta":[],"_links":{"self":[{"href":"https:\/\/jc.schlarpe.de\/index.php?rest_route=\/wp\/v2\/pages\/110"}],"collection":[{"href":"https:\/\/jc.schlarpe.de\/index.php?rest_route=\/wp\/v2\/pages"}],"about":[{"href":"https:\/\/jc.schlarpe.de\/index.php?rest_route=\/wp\/v2\/types\/page"}],"author":[{"embeddable":true,"href":"https:\/\/jc.schlarpe.de\/index.php?rest_route=\/wp\/v2\/users\/3"}],"replies":[{"embeddable":true,"href":"https:\/\/jc.schlarpe.de\/index.php?rest_route=%2Fwp%2Fv2%2Fcomments&post=110"}],"version-history":[{"count":17,"href":"https:\/\/jc.schlarpe.de\/index.php?rest_route=\/wp\/v2\/pages\/110\/revisions"}],"predecessor-version":[{"id":618,"href":"https:\/\/jc.schlarpe.de\/index.php?rest_route=\/wp\/v2\/pages\/110\/revisions\/618"}],"wp:attachment":[{"href":"https:\/\/jc.schlarpe.de\/index.php?rest_route=%2Fwp%2Fv2%2Fmedia&parent=110"}],"curies":[{"name":"wp","href":"https:\/\/api.w.org\/{rel}","templated":true}]}}